{"id":7939,"date":"2020-05-16T10:45:47","date_gmt":"2020-05-16T08:45:47","guid":{"rendered":"https:\/\/www.sacinandanaswami.com\/?page_id=7939"},"modified":"2023-11-01T11:52:20","modified_gmt":"2023-11-01T10:52:20","slug":"audio","status":"publish","type":"page","link":"https:\/\/www.sacinandanaswami.com\/de\/media\/audio\/","title":{"rendered":"Audio"},"content":{"rendered":"\t\t<div data-elementor-type=\"wp-page\" data-elementor-id=\"7939\" class=\"elementor elementor-7939\" data-elementor-post-type=\"page\">\n\t\t\t\t\t\t<section class=\"elementor-section elementor-top-section elementor-element elementor-element-52b930d0 elementor-section-height-min-height elementor-section-items-stretch elementor-section-content-middle elementor-section-boxed elementor-section-height-default\" data-id=\"52b930d0\" data-element_type=\"section\" data-e-type=\"section\" data-settings=\"{&quot;background_background&quot;:&quot;classic&quot;}\">\n\t\t\t\t\t\t<div class=\"elementor-container elementor-column-gap-default\">\n\t\t\t\t\t<div class=\"elementor-column elementor-col-100 elementor-top-column elementor-element elementor-element-25f69145\" data-id=\"25f69145\" data-element_type=\"column\" data-e-type=\"column\">\n\t\t\t<div class=\"elementor-widget-wrap elementor-element-populated\">\n\t\t\t\t\t\t<div class=\"elementor-element elementor-element-274ea160 elementor-widget elementor-widget-image\" data-id=\"274ea160\" data-element_type=\"widget\" data-e-type=\"widget\" data-widget_type=\"image.default\">\n\t\t\t\t<div class=\"elementor-widget-container\">\n\t\t\t\t\t\t\t\t\t\t\t\t\t\t\t<img fetchpriority=\"high\" decoding=\"async\" width=\"628\" height=\"628\" src=\"https:\/\/www.sacinandanaswami.com\/wp-content\/uploads\/2020\/05\/Audio_Icon-1.png\" class=\"attachment-large size-large wp-image-7946\" alt=\"\" srcset=\"https:\/\/www.sacinandanaswami.com\/wp-content\/uploads\/2020\/05\/Audio_Icon-1.png 628w, https:\/\/www.sacinandanaswami.com\/wp-content\/uploads\/2020\/05\/Audio_Icon-1-300x300.png 300w, https:\/\/www.sacinandanaswami.com\/wp-content\/uploads\/2020\/05\/Audio_Icon-1-150x150.png 150w\" sizes=\"(max-width: 628px) 100vw, 628px\" \/>\t\t\t\t\t\t\t\t\t\t\t\t\t\t\t<\/div>\n\t\t\t\t<\/div>\n\t\t\t\t\t<\/div>\n\t\t<\/div>\n\t\t\t\t\t<\/div>\n\t\t<\/section>\n\t\t\t\t<section class=\"elementor-section elementor-top-section elementor-element elementor-element-a0771ad elementor-section-boxed elementor-section-height-default elementor-section-height-default\" data-id=\"a0771ad\" data-element_type=\"section\" data-e-type=\"section\">\n\t\t\t\t\t\t<div class=\"elementor-container elementor-column-gap-default\">\n\t\t\t\t\t<div class=\"elementor-column elementor-col-100 elementor-top-column elementor-element elementor-element-f892f3a\" data-id=\"f892f3a\" data-element_type=\"column\" data-e-type=\"column\">\n\t\t\t<div class=\"elementor-widget-wrap elementor-element-populated\">\n\t\t\t\t\t\t<div class=\"elementor-element elementor-element-fc53b5c elementor-widget elementor-widget-spacer\" data-id=\"fc53b5c\" data-element_type=\"widget\" data-e-type=\"widget\" data-widget_type=\"spacer.default\">\n\t\t\t\t<div class=\"elementor-widget-container\">\n\t\t\t\t\t\t\t<div class=\"elementor-spacer\">\n\t\t\t<div class=\"elementor-spacer-inner\"><\/div>\n\t\t<\/div>\n\t\t\t\t\t\t<\/div>\n\t\t\t\t<\/div>\n\t\t\t\t\t<\/div>\n\t\t<\/div>\n\t\t\t\t\t<\/div>\n\t\t<\/section>\n\t\t\t\t<section class=\"elementor-section elementor-top-section elementor-element elementor-element-6acd34e elementor-section-boxed elementor-section-height-default elementor-section-height-default\" data-id=\"6acd34e\" data-element_type=\"section\" data-e-type=\"section\" data-settings=\"{&quot;background_background&quot;:&quot;classic&quot;}\">\n\t\t\t\t\t\t<div class=\"elementor-container elementor-column-gap-default\">\n\t\t\t\t\t<div class=\"elementor-column elementor-col-100 elementor-top-column elementor-element elementor-element-31a38eaa\" data-id=\"31a38eaa\" data-element_type=\"column\" data-e-type=\"column\" data-settings=\"{&quot;background_background&quot;:&quot;classic&quot;}\">\n\t\t\t<div class=\"elementor-widget-wrap elementor-element-populated\">\n\t\t\t\t\t\t<div class=\"elementor-element elementor-element-1dfb382a elementor-widget elementor-widget-heading\" data-id=\"1dfb382a\" data-element_type=\"widget\" data-e-type=\"widget\" data-widget_type=\"heading.default\">\n\t\t\t\t<div class=\"elementor-widget-container\">\n\t\t\t\t\t<div class=\"elementor-heading-title elementor-size-large\">Vorlesungen<\/div>\t\t\t\t<\/div>\n\t\t\t\t<\/div>\n\t\t\t\t\t<\/div>\n\t\t<\/div>\n\t\t\t\t\t<\/div>\n\t\t<\/section>\n\t\t\t\t<section class=\"elementor-section elementor-top-section elementor-element elementor-element-11011170 elementor-section-boxed elementor-section-height-default elementor-section-height-default\" data-id=\"11011170\" data-element_type=\"section\" data-e-type=\"section\">\n\t\t\t\t\t\t<div class=\"elementor-container elementor-column-gap-default\">\n\t\t\t\t\t<div class=\"elementor-column elementor-col-100 elementor-top-column elementor-element elementor-element-337cba24\" data-id=\"337cba24\" data-element_type=\"column\" data-e-type=\"column\">\n\t\t\t<div class=\"elementor-widget-wrap elementor-element-populated\">\n\t\t\t\t\t\t<div class=\"elementor-element elementor-element-7201bf2f elementor-widget__width-initial elementor-absolute elementor-widget elementor-widget-image\" data-id=\"7201bf2f\" data-element_type=\"widget\" data-e-type=\"widget\" data-settings=\"{&quot;_position&quot;:&quot;absolute&quot;}\" data-widget_type=\"image.default\">\n\t\t\t\t<div class=\"elementor-widget-container\">\n\t\t\t\t\t\t\t\t\t\t\t\t\t\t\t<img decoding=\"async\" src=\"https:\/\/www.sacinandanaswami.com\/wp-content\/uploads\/2020\/04\/Rahmen1.jpg\" title=\"Rahmen1\" alt=\"Rahmen1\" loading=\"lazy\" \/>\t\t\t\t\t\t\t\t\t\t\t\t\t\t\t<\/div>\n\t\t\t\t<\/div>\n\t\t\t\t\t<\/div>\n\t\t<\/div>\n\t\t\t\t\t<\/div>\n\t\t<\/section>\n\t\t\t\t<section class=\"elementor-section elementor-top-section elementor-element elementor-element-748635f elementor-section-boxed elementor-section-height-default elementor-section-height-default\" data-id=\"748635f\" data-element_type=\"section\" data-e-type=\"section\">\n\t\t\t\t\t\t<div class=\"elementor-container elementor-column-gap-default\">\n\t\t\t\t\t<div class=\"elementor-column elementor-col-100 elementor-top-column elementor-element elementor-element-43eae75\" data-id=\"43eae75\" data-element_type=\"column\" data-e-type=\"column\">\n\t\t\t<div class=\"elementor-widget-wrap elementor-element-populated\">\n\t\t\t\t\t\t<div class=\"elementor-element elementor-element-d19ebe5 elementor-widget elementor-widget-spacer\" data-id=\"d19ebe5\" data-element_type=\"widget\" data-e-type=\"widget\" data-widget_type=\"spacer.default\">\n\t\t\t\t<div class=\"elementor-widget-container\">\n\t\t\t\t\t\t\t<div class=\"elementor-spacer\">\n\t\t\t<div class=\"elementor-spacer-inner\"><\/div>\n\t\t<\/div>\n\t\t\t\t\t\t<\/div>\n\t\t\t\t<\/div>\n\t\t\t\t\t<\/div>\n\t\t<\/div>\n\t\t\t\t\t<\/div>\n\t\t<\/section>\n\t\t\t\t<section class=\"elementor-section elementor-top-section elementor-element elementor-element-7f945a4 elementor-section-content-middle elementor-section-boxed elementor-section-height-default elementor-section-height-default\" data-id=\"7f945a4\" data-element_type=\"section\" data-e-type=\"section\" data-settings=\"{&quot;background_background&quot;:&quot;classic&quot;}\">\n\t\t\t\t\t\t<div class=\"elementor-container elementor-column-gap-default\">\n\t\t\t\t\t<div class=\"elementor-column elementor-col-33 elementor-top-column elementor-element elementor-element-f00a38f\" data-id=\"f00a38f\" data-element_type=\"column\" data-e-type=\"column\" data-settings=\"{&quot;background_background&quot;:&quot;classic&quot;}\">\n\t\t\t<div class=\"elementor-widget-wrap elementor-element-populated\">\n\t\t\t\t\t\t<div class=\"elementor-element elementor-element-316685c elementor-widget elementor-widget-heading\" data-id=\"316685c\" data-element_type=\"widget\" data-e-type=\"widget\" data-widget_type=\"heading.default\">\n\t\t\t\t<div class=\"elementor-widget-container\">\n\t\t\t\t\t<h2 class=\"elementor-heading-title elementor-size-default\">Entdecke ausgew\u00e4hlte <br>Vorlesungen von<br>Sacinandana Swami <br>auf Apple Podcast <\/h2>\t\t\t\t<\/div>\n\t\t\t\t<\/div>\n\t\t\t\t<div class=\"elementor-element elementor-element-8cc5394 elementor-align-center elementor-widget elementor-widget-button\" data-id=\"8cc5394\" data-element_type=\"widget\" data-e-type=\"widget\" data-widget_type=\"button.default\">\n\t\t\t\t<div class=\"elementor-widget-container\">\n\t\t\t\t\t\t\t\t\t<div class=\"elementor-button-wrapper\">\n\t\t\t\t\t<a class=\"elementor-button elementor-button-link elementor-size-sm\" href=\"https:\/\/podcasts.apple.com\/us\/podcast\/sacinandana-swamis-podcast\/id1399938765\" target=\"_blank\">\n\t\t\t\t\t\t<span class=\"elementor-button-content-wrapper\">\n\t\t\t\t\t\t\t\t\t<span class=\"elementor-button-text\">APPLE PODCAST &gt;&gt;<\/span>\n\t\t\t\t\t<\/span>\n\t\t\t\t\t<\/a>\n\t\t\t\t<\/div>\n\t\t\t\t\t\t\t\t<\/div>\n\t\t\t\t<\/div>\n\t\t\t\t\t<\/div>\n\t\t<\/div>\n\t\t\t\t<div class=\"elementor-column elementor-col-33 elementor-top-column elementor-element elementor-element-8f4cf62\" data-id=\"8f4cf62\" data-element_type=\"column\" data-e-type=\"column\" data-settings=\"{&quot;background_background&quot;:&quot;classic&quot;}\">\n\t\t\t<div class=\"elementor-widget-wrap elementor-element-populated\">\n\t\t\t\t\t\t<div class=\"elementor-element elementor-element-3ccb2e5 elementor-widget elementor-widget-image\" data-id=\"3ccb2e5\" data-element_type=\"widget\" data-e-type=\"widget\" data-widget_type=\"image.default\">\n\t\t\t\t<div class=\"elementor-widget-container\">\n\t\t\t\t\t\t\t\t\t\t\t\t\t\t\t<img decoding=\"async\" width=\"900\" height=\"865\" src=\"https:\/\/www.sacinandanaswami.com\/wp-content\/uploads\/2020\/05\/speakers-30323392.png\" class=\"attachment-large size-large wp-image-9190\" alt=\"\" srcset=\"https:\/\/www.sacinandanaswami.com\/wp-content\/uploads\/2020\/05\/speakers-30323392.png 900w, https:\/\/www.sacinandanaswami.com\/wp-content\/uploads\/2020\/05\/speakers-30323392-600x577.png 600w, https:\/\/www.sacinandanaswami.com\/wp-content\/uploads\/2020\/05\/speakers-30323392-300x288.png 300w, https:\/\/www.sacinandanaswami.com\/wp-content\/uploads\/2020\/05\/speakers-30323392-768x738.png 768w\" sizes=\"(max-width: 900px) 100vw, 900px\" \/>\t\t\t\t\t\t\t\t\t\t\t\t\t\t\t<\/div>\n\t\t\t\t<\/div>\n\t\t\t\t\t<\/div>\n\t\t<\/div>\n\t\t\t\t<div class=\"elementor-column elementor-col-33 elementor-top-column elementor-element elementor-element-25f53bf\" data-id=\"25f53bf\" data-element_type=\"column\" data-e-type=\"column\" data-settings=\"{&quot;background_background&quot;:&quot;classic&quot;}\">\n\t\t\t<div class=\"elementor-widget-wrap elementor-element-populated\">\n\t\t\t\t\t\t<div class=\"elementor-element elementor-element-5faa87f elementor-widget elementor-widget-heading\" data-id=\"5faa87f\" data-element_type=\"widget\" data-e-type=\"widget\" data-widget_type=\"heading.default\">\n\t\t\t\t<div class=\"elementor-widget-container\">\n\t\t\t\t\t<h2 class=\"elementor-heading-title elementor-size-default\">Entdecke das <br>vollst\u00e4ndige Archiv <br>der Vortr\u00e4ge von <br>Sacinandana Swami<\/h2>\t\t\t\t<\/div>\n\t\t\t\t<\/div>\n\t\t\t\t<div class=\"elementor-element elementor-element-7663ac1 elementor-align-center elementor-widget elementor-widget-button\" data-id=\"7663ac1\" data-element_type=\"widget\" data-e-type=\"widget\" data-widget_type=\"button.default\">\n\t\t\t\t<div class=\"elementor-widget-container\">\n\t\t\t\t\t\t\t\t\t<div class=\"elementor-button-wrapper\">\n\t\t\t\t\t<a class=\"elementor-button elementor-button-link elementor-size-sm\" href=\"http:\/\/www.saranagati-library.net\/\" target=\"_blank\">\n\t\t\t\t\t\t<span class=\"elementor-button-content-wrapper\">\n\t\t\t\t\t\t\t\t\t<span class=\"elementor-button-text\">VORLESUNGSARCHIV &gt;&gt;<\/span>\n\t\t\t\t\t<\/span>\n\t\t\t\t\t<\/a>\n\t\t\t\t<\/div>\n\t\t\t\t\t\t\t\t<\/div>\n\t\t\t\t<\/div>\n\t\t\t\t\t<\/div>\n\t\t<\/div>\n\t\t\t\t\t<\/div>\n\t\t<\/section>\n\t\t\t\t<section class=\"elementor-section elementor-top-section elementor-element elementor-element-eb82371 elementor-section-boxed elementor-section-height-default elementor-section-height-default\" data-id=\"eb82371\" data-element_type=\"section\" data-e-type=\"section\">\n\t\t\t\t\t\t<div class=\"elementor-container elementor-column-gap-default\">\n\t\t\t\t\t<div class=\"elementor-column elementor-col-50 elementor-top-column elementor-element elementor-element-20a411e\" data-id=\"20a411e\" data-element_type=\"column\" data-e-type=\"column\">\n\t\t\t<div class=\"elementor-widget-wrap\">\n\t\t\t\t\t\t\t<\/div>\n\t\t<\/div>\n\t\t\t\t<div class=\"elementor-column elementor-col-50 elementor-top-column elementor-element elementor-element-0afc26d\" data-id=\"0afc26d\" data-element_type=\"column\" data-e-type=\"column\">\n\t\t\t<div class=\"elementor-widget-wrap\">\n\t\t\t\t\t\t\t<\/div>\n\t\t<\/div>\n\t\t\t\t\t<\/div>\n\t\t<\/section>\n\t\t\t\t<section class=\"elementor-section elementor-top-section elementor-element elementor-element-3304a59 elementor-section-boxed elementor-section-height-default elementor-section-height-default\" data-id=\"3304a59\" data-element_type=\"section\" data-e-type=\"section\">\n\t\t\t\t\t\t<div class=\"elementor-container elementor-column-gap-default\">\n\t\t\t\t\t<div class=\"elementor-column elementor-col-100 elementor-top-column elementor-element elementor-element-c589336\" data-id=\"c589336\" data-element_type=\"column\" data-e-type=\"column\">\n\t\t\t<div class=\"elementor-widget-wrap elementor-element-populated\">\n\t\t\t\t\t\t<div class=\"elementor-element elementor-element-460ecaf elementor-widget elementor-widget-spacer\" data-id=\"460ecaf\" data-element_type=\"widget\" data-e-type=\"widget\" data-widget_type=\"spacer.default\">\n\t\t\t\t<div class=\"elementor-widget-container\">\n\t\t\t\t\t\t\t<div class=\"elementor-spacer\">\n\t\t\t<div class=\"elementor-spacer-inner\"><\/div>\n\t\t<\/div>\n\t\t\t\t\t\t<\/div>\n\t\t\t\t<\/div>\n\t\t\t\t\t<\/div>\n\t\t<\/div>\n\t\t\t\t\t<\/div>\n\t\t<\/section>\n\t\t\t\t<\/div>\n\t\t","protected":false},"excerpt":{"rendered":"<p>Vorlesungen Entdecke ausgew\u00e4hlte Vorlesungen vonSacinandana Swami auf Apple Podcast APPLE PODCAST >> Entdecke das vollst\u00e4ndige Archiv der Vortr\u00e4ge von Sacinandana Swami VORLESUNGSARCHIV >><\/p>\n","protected":false},"author":5,"featured_media":0,"parent":2900,"menu_order":0,"comment_status":"closed","ping_status":"closed","template":"","meta":{"site-sidebar-layout":"no-sidebar","site-content-layout":"page-builder","ast-site-content-layout":"default","site-content-style":"default","site-sidebar-style":"default","ast-global-header-display":"","ast-banner-title-visibility":"","ast-main-header-display":"","ast-hfb-above-header-display":"","ast-hfb-below-header-display":"","ast-hfb-mobile-header-display":"","site-post-title":"disabled","ast-breadcrumbs-content":"","ast-featured-img":"disabled","footer-sml-layout":"","ast-disable-related-posts":"","theme-transparent-header-meta":"default","adv-header-id-meta":"","stick-header-meta":"","header-above-stick-meta":"","header-main-stick-meta":"","header-below-stick-meta":"","astra-migrate-meta-layouts":"default","ast-page-background-enabled":"default","ast-page-background-meta":{"desktop":{"background-color":"","background-image":"","background-repeat":"repeat","background-position":"center center","background-size":"auto","background-attachment":"scroll","background-type":"","background-media":"","overlay-type":"","overlay-color":"","overlay-opacity":"","overlay-gradient":""},"tablet":{"background-color":"","background-image":"","background-repeat":"repeat","background-position":"center center","background-size":"auto","background-attachment":"scroll","background-type":"","background-media":"","overlay-type":"","overlay-color":"","overlay-opacity":"","overlay-gradient":""},"mobile":{"background-color":"","background-image":"","background-repeat":"repeat","background-position":"center center","background-size":"auto","background-attachment":"scroll","background-type":"","background-media":"","overlay-type":"","overlay-color":"","overlay-opacity":"","overlay-gradient":""}},"ast-content-background-meta":{"desktop":{"background-color":"var(--ast-global-color-5)","background-image":"","background-repeat":"repeat","background-position":"center center","background-size":"auto","background-attachment":"scroll","background-type":"","background-media":"","overlay-type":"","overlay-color":"","overlay-opacity":"","overlay-gradient":""},"tablet":{"background-color":"var(--ast-global-color-5)","background-image":"","background-repeat":"repeat","background-position":"center center","background-size":"auto","background-attachment":"scroll","background-type":"","background-media":"","overlay-type":"","overlay-color":"","overlay-opacity":"","overlay-gradient":""},"mobile":{"background-color":"var(--ast-global-color-5)","background-image":"","background-repeat":"repeat","background-position":"center center","background-size":"auto","background-attachment":"scroll","background-type":"","background-media":"","overlay-type":"","overlay-color":"","overlay-opacity":"","overlay-gradient":""}},"footnotes":""},"class_list":["post-7939","page","type-page","status-publish","hentry"],"yoast_head":"<!-- This site is optimized with the Yoast SEO plugin v27.1.1 - https:\/\/yoast.com\/product\/yoast-seo-wordpress\/ -->\n<title>Audio - Sacinandana Swami<\/title>\n<meta name=\"robots\" content=\"index, follow, max-snippet:-1, max-image-preview:large, max-video-preview:-1\" \/>\n<link rel=\"canonical\" href=\"https:\/\/www.sacinandanaswami.com\/de\/media\/audio\/\" \/>\n<meta property=\"og:locale\" content=\"de_DE\" \/>\n<meta property=\"og:type\" content=\"article\" \/>\n<meta property=\"og:title\" content=\"Audio - Sacinandana Swami\" \/>\n<meta property=\"og:description\" content=\"Vorlesungen Entdecke ausgew\u00e4hlte Vorlesungen vonSacinandana Swami auf Apple Podcast APPLE PODCAST &gt;&gt; Entdecke das vollst\u00e4ndige Archiv der Vortr\u00e4ge von Sacinandana Swami VORLESUNGSARCHIV &gt;&gt;\" \/>\n<meta property=\"og:url\" content=\"https:\/\/www.sacinandanaswami.com\/de\/media\/audio\/\" \/>\n<meta property=\"og:site_name\" content=\"Sacinandana Swami\" \/>\n<meta property=\"article:modified_time\" content=\"2023-11-01T10:52:20+00:00\" \/>\n<meta property=\"og:image\" content=\"https:\/\/www.sacinandanaswami.com\/wp-content\/uploads\/2020\/05\/Audio_Icon-1.png\" \/>\n<meta name=\"twitter:card\" content=\"summary_large_image\" \/>\n<meta name=\"twitter:label1\" content=\"Gesch\u00e4tzte Lesezeit\" \/>\n\t<meta name=\"twitter:data1\" content=\"1\u00a0Minute\" \/>\n<script type=\"application\/ld+json\" class=\"yoast-schema-graph\">{\"@context\":\"https:\/\/schema.org\",\"@graph\":[{\"@type\":\"WebPage\",\"@id\":\"https:\/\/www.sacinandanaswami.com\/de\/media\/audio\/\",\"url\":\"https:\/\/www.sacinandanaswami.com\/de\/media\/audio\/\",\"name\":\"Audio - Sacinandana Swami\",\"isPartOf\":{\"@id\":\"https:\/\/www.sacinandanaswami.com\/de\/#website\"},\"primaryImageOfPage\":{\"@id\":\"https:\/\/www.sacinandanaswami.com\/de\/media\/audio\/#primaryimage\"},\"image\":{\"@id\":\"https:\/\/www.sacinandanaswami.com\/de\/media\/audio\/#primaryimage\"},\"thumbnailUrl\":\"https:\/\/www.sacinandanaswami.com\/wp-content\/uploads\/2020\/05\/Audio_Icon-1.png\",\"datePublished\":\"2020-05-16T08:45:47+00:00\",\"dateModified\":\"2023-11-01T10:52:20+00:00\",\"breadcrumb\":{\"@id\":\"https:\/\/www.sacinandanaswami.com\/de\/media\/audio\/#breadcrumb\"},\"inLanguage\":\"de\",\"potentialAction\":[{\"@type\":\"ReadAction\",\"target\":[\"https:\/\/www.sacinandanaswami.com\/de\/media\/audio\/\"]}]},{\"@type\":\"ImageObject\",\"inLanguage\":\"de\",\"@id\":\"https:\/\/www.sacinandanaswami.com\/de\/media\/audio\/#primaryimage\",\"url\":\"https:\/\/www.sacinandanaswami.com\/wp-content\/uploads\/2020\/05\/Audio_Icon-1.png\",\"contentUrl\":\"https:\/\/www.sacinandanaswami.com\/wp-content\/uploads\/2020\/05\/Audio_Icon-1.png\"},{\"@type\":\"BreadcrumbList\",\"@id\":\"https:\/\/www.sacinandanaswami.com\/de\/media\/audio\/#breadcrumb\",\"itemListElement\":[{\"@type\":\"ListItem\",\"position\":1,\"name\":\"Startseite\",\"item\":\"https:\/\/www.sacinandanaswami.com\/de\/\"},{\"@type\":\"ListItem\",\"position\":2,\"name\":\"Media\",\"item\":\"https:\/\/www.sacinandanaswami.com\/de\/media\/\"},{\"@type\":\"ListItem\",\"position\":3,\"name\":\"Audio\"}]},{\"@type\":\"WebSite\",\"@id\":\"https:\/\/www.sacinandanaswami.com\/de\/#website\",\"url\":\"https:\/\/www.sacinandanaswami.com\/de\/\",\"name\":\"Sacinandana Swami\",\"description\":\"\",\"publisher\":{\"@id\":\"https:\/\/www.sacinandanaswami.com\/de\/#organization\"},\"potentialAction\":[{\"@type\":\"SearchAction\",\"target\":{\"@type\":\"EntryPoint\",\"urlTemplate\":\"https:\/\/www.sacinandanaswami.com\/de\/?s={search_term_string}\"},\"query-input\":{\"@type\":\"PropertyValueSpecification\",\"valueRequired\":true,\"valueName\":\"search_term_string\"}}],\"inLanguage\":\"de\"},{\"@type\":\"Organization\",\"@id\":\"https:\/\/www.sacinandanaswami.com\/de\/#organization\",\"name\":\"Sacinandana Swami\",\"url\":\"https:\/\/www.sacinandanaswami.com\/de\/\",\"logo\":{\"@type\":\"ImageObject\",\"inLanguage\":\"de\",\"@id\":\"https:\/\/www.sacinandanaswami.com\/de\/#\/schema\/logo\/image\/\",\"url\":\"https:\/\/www.sacinandanaswami.com\/wp-content\/uploads\/2022\/06\/SNS_Logo.svg\",\"contentUrl\":\"https:\/\/www.sacinandanaswami.com\/wp-content\/uploads\/2022\/06\/SNS_Logo.svg\",\"width\":585,\"height\":200,\"caption\":\"Sacinandana Swami\"},\"image\":{\"@id\":\"https:\/\/www.sacinandanaswami.com\/de\/#\/schema\/logo\/image\/\"}}]}<\/script>\n<!-- \/ Yoast SEO plugin. -->","yoast_head_json":{"title":"Audio - Sacinandana Swami","robots":{"index":"index","follow":"follow","max-snippet":"max-snippet:-1","max-image-preview":"max-image-preview:large","max-video-preview":"max-video-preview:-1"},"canonical":"https:\/\/www.sacinandanaswami.com\/de\/media\/audio\/","og_locale":"de_DE","og_type":"article","og_title":"Audio - Sacinandana Swami","og_description":"Vorlesungen Entdecke ausgew\u00e4hlte Vorlesungen vonSacinandana Swami auf Apple Podcast APPLE PODCAST >> Entdecke das vollst\u00e4ndige Archiv der Vortr\u00e4ge von Sacinandana Swami VORLESUNGSARCHIV >>","og_url":"https:\/\/www.sacinandanaswami.com\/de\/media\/audio\/","og_site_name":"Sacinandana Swami","article_modified_time":"2023-11-01T10:52:20+00:00","og_image":[{"url":"https:\/\/www.sacinandanaswami.com\/wp-content\/uploads\/2020\/05\/Audio_Icon-1.png","type":"","width":"","height":""}],"twitter_card":"summary_large_image","twitter_misc":{"Gesch\u00e4tzte Lesezeit":"1\u00a0Minute"},"schema":{"@context":"https:\/\/schema.org","@graph":[{"@type":"WebPage","@id":"https:\/\/www.sacinandanaswami.com\/de\/media\/audio\/","url":"https:\/\/www.sacinandanaswami.com\/de\/media\/audio\/","name":"Audio - Sacinandana Swami","isPartOf":{"@id":"https:\/\/www.sacinandanaswami.com\/de\/#website"},"primaryImageOfPage":{"@id":"https:\/\/www.sacinandanaswami.com\/de\/media\/audio\/#primaryimage"},"image":{"@id":"https:\/\/www.sacinandanaswami.com\/de\/media\/audio\/#primaryimage"},"thumbnailUrl":"https:\/\/www.sacinandanaswami.com\/wp-content\/uploads\/2020\/05\/Audio_Icon-1.png","datePublished":"2020-05-16T08:45:47+00:00","dateModified":"2023-11-01T10:52:20+00:00","breadcrumb":{"@id":"https:\/\/www.sacinandanaswami.com\/de\/media\/audio\/#breadcrumb"},"inLanguage":"de","potentialAction":[{"@type":"ReadAction","target":["https:\/\/www.sacinandanaswami.com\/de\/media\/audio\/"]}]},{"@type":"ImageObject","inLanguage":"de","@id":"https:\/\/www.sacinandanaswami.com\/de\/media\/audio\/#primaryimage","url":"https:\/\/www.sacinandanaswami.com\/wp-content\/uploads\/2020\/05\/Audio_Icon-1.png","contentUrl":"https:\/\/www.sacinandanaswami.com\/wp-content\/uploads\/2020\/05\/Audio_Icon-1.png"},{"@type":"BreadcrumbList","@id":"https:\/\/www.sacinandanaswami.com\/de\/media\/audio\/#breadcrumb","itemListElement":[{"@type":"ListItem","position":1,"name":"Startseite","item":"https:\/\/www.sacinandanaswami.com\/de\/"},{"@type":"ListItem","position":2,"name":"Media","item":"https:\/\/www.sacinandanaswami.com\/de\/media\/"},{"@type":"ListItem","position":3,"name":"Audio"}]},{"@type":"WebSite","@id":"https:\/\/www.sacinandanaswami.com\/de\/#website","url":"https:\/\/www.sacinandanaswami.com\/de\/","name":"Sacinandana Swami","description":"","publisher":{"@id":"https:\/\/www.sacinandanaswami.com\/de\/#organization"},"potentialAction":[{"@type":"SearchAction","target":{"@type":"EntryPoint","urlTemplate":"https:\/\/www.sacinandanaswami.com\/de\/?s={search_term_string}"},"query-input":{"@type":"PropertyValueSpecification","valueRequired":true,"valueName":"search_term_string"}}],"inLanguage":"de"},{"@type":"Organization","@id":"https:\/\/www.sacinandanaswami.com\/de\/#organization","name":"Sacinandana Swami","url":"https:\/\/www.sacinandanaswami.com\/de\/","logo":{"@type":"ImageObject","inLanguage":"de","@id":"https:\/\/www.sacinandanaswami.com\/de\/#\/schema\/logo\/image\/","url":"https:\/\/www.sacinandanaswami.com\/wp-content\/uploads\/2022\/06\/SNS_Logo.svg","contentUrl":"https:\/\/www.sacinandanaswami.com\/wp-content\/uploads\/2022\/06\/SNS_Logo.svg","width":585,"height":200,"caption":"Sacinandana Swami"},"image":{"@id":"https:\/\/www.sacinandanaswami.com\/de\/#\/schema\/logo\/image\/"}}]}},"_links":{"self":[{"href":"https:\/\/www.sacinandanaswami.com\/de\/wp-json\/wp\/v2\/pages\/7939","targetHints":{"allow":["GET"]}}],"collection":[{"href":"https:\/\/www.sacinandanaswami.com\/de\/wp-json\/wp\/v2\/pages"}],"about":[{"href":"https:\/\/www.sacinandanaswami.com\/de\/wp-json\/wp\/v2\/types\/page"}],"author":[{"embeddable":true,"href":"https:\/\/www.sacinandanaswami.com\/de\/wp-json\/wp\/v2\/users\/5"}],"replies":[{"embeddable":true,"href":"https:\/\/www.sacinandanaswami.com\/de\/wp-json\/wp\/v2\/comments?post=7939"}],"version-history":[{"count":3,"href":"https:\/\/www.sacinandanaswami.com\/de\/wp-json\/wp\/v2\/pages\/7939\/revisions"}],"predecessor-version":[{"id":12741,"href":"https:\/\/www.sacinandanaswami.com\/de\/wp-json\/wp\/v2\/pages\/7939\/revisions\/12741"}],"up":[{"embeddable":true,"href":"https:\/\/www.sacinandanaswami.com\/de\/wp-json\/wp\/v2\/pages\/2900"}],"wp:attachment":[{"href":"https:\/\/www.sacinandanaswami.com\/de\/wp-json\/wp\/v2\/media?parent=7939"}],"curies":[{"name":"wp","href":"https:\/\/api.w.org\/{rel}","templated":true}]}}