{"id":8767,"date":"2020-05-23T14:56:04","date_gmt":"2020-05-23T12:56:04","guid":{"rendered":"https:\/\/www.sacinandanaswami.com\/?page_id=8767"},"modified":"2024-06-04T12:44:25","modified_gmt":"2024-06-04T10:44:25","slug":"david-and-goliath","status":"publish","type":"page","link":"https:\/\/www.sacinandanaswami.com\/de\/spiritual-inspirations\/inspiring-articles\/david-and-goliath\/","title":{"rendered":"David and Goliath"},"content":{"rendered":"\t\t<div data-elementor-type=\"wp-page\" data-elementor-id=\"8767\" class=\"elementor elementor-8767\" data-elementor-post-type=\"page\">\n\t\t\t\t\t\t<section class=\"elementor-section elementor-top-section elementor-element elementor-element-cbac11a elementor-section-boxed elementor-section-height-default elementor-section-height-default\" data-id=\"cbac11a\" data-element_type=\"section\" data-e-type=\"section\" data-settings=\"{&quot;background_background&quot;:&quot;classic&quot;}\">\n\t\t\t\t\t\t<div class=\"elementor-container elementor-column-gap-default\">\n\t\t\t\t\t<div class=\"elementor-column elementor-col-100 elementor-top-column elementor-element elementor-element-d2930e3\" data-id=\"d2930e3\" data-element_type=\"column\" data-e-type=\"column\">\n\t\t\t<div class=\"elementor-widget-wrap elementor-element-populated\">\n\t\t\t\t\t\t<div class=\"elementor-element elementor-element-18d3dd4 elementor-widget elementor-widget-spacer\" data-id=\"18d3dd4\" data-element_type=\"widget\" data-e-type=\"widget\" data-widget_type=\"spacer.default\">\n\t\t\t\t<div class=\"elementor-widget-container\">\n\t\t\t\t\t\t\t<div class=\"elementor-spacer\">\n\t\t\t<div class=\"elementor-spacer-inner\"><\/div>\n\t\t<\/div>\n\t\t\t\t\t\t<\/div>\n\t\t\t\t<\/div>\n\t\t\t\t\t<\/div>\n\t\t<\/div>\n\t\t\t\t\t<\/div>\n\t\t<\/section>\n\t\t\t\t<section class=\"elementor-section elementor-top-section elementor-element elementor-element-68bd3e95 elementor-section-boxed elementor-section-height-default elementor-section-height-default\" data-id=\"68bd3e95\" data-element_type=\"section\" data-e-type=\"section\" data-settings=\"{&quot;background_background&quot;:&quot;classic&quot;}\">\n\t\t\t\t\t\t<div class=\"elementor-container elementor-column-gap-default\">\n\t\t\t\t\t<div class=\"elementor-column elementor-col-100 elementor-top-column elementor-element elementor-element-30c8ce58\" data-id=\"30c8ce58\" data-element_type=\"column\" data-e-type=\"column\" data-settings=\"{&quot;background_background&quot;:&quot;classic&quot;}\">\n\t\t\t<div class=\"elementor-widget-wrap elementor-element-populated\">\n\t\t\t\t\t\t<div class=\"elementor-element elementor-element-54940750 elementor-widget elementor-widget-heading\" data-id=\"54940750\" data-element_type=\"widget\" data-e-type=\"widget\" data-widget_type=\"heading.default\">\n\t\t\t\t<div class=\"elementor-widget-container\">\n\t\t\t\t\t<div class=\"elementor-heading-title elementor-size-large\">Inspirierende Beitr\u00e4ge von Sacinandana Swami<\/div>\t\t\t\t<\/div>\n\t\t\t\t<\/div>\n\t\t\t\t\t<\/div>\n\t\t<\/div>\n\t\t\t\t\t<\/div>\n\t\t<\/section>\n\t\t\t\t<section class=\"elementor-section elementor-top-section elementor-element elementor-element-2fd660e0 elementor-section-boxed elementor-section-height-default elementor-section-height-default\" data-id=\"2fd660e0\" data-element_type=\"section\" data-e-type=\"section\" data-settings=\"{&quot;background_background&quot;:&quot;classic&quot;}\">\n\t\t\t\t\t\t<div class=\"elementor-container elementor-column-gap-default\">\n\t\t\t\t\t<div class=\"elementor-column elementor-col-100 elementor-top-column elementor-element elementor-element-546032ab\" data-id=\"546032ab\" data-element_type=\"column\" data-e-type=\"column\" data-settings=\"{&quot;background_background&quot;:&quot;classic&quot;}\">\n\t\t\t<div class=\"elementor-widget-wrap elementor-element-populated\">\n\t\t\t\t\t\t<div class=\"elementor-element elementor-element-2cec4825 elementor-widget__width-initial elementor-absolute elementor-widget elementor-widget-image\" data-id=\"2cec4825\" data-element_type=\"widget\" data-e-type=\"widget\" data-settings=\"{&quot;_position&quot;:&quot;absolute&quot;}\" data-widget_type=\"image.default\">\n\t\t\t\t<div class=\"elementor-widget-container\">\n\t\t\t\t\t\t\t\t\t\t\t\t\t\t\t<img decoding=\"async\" src=\"https:\/\/www.sacinandanaswami.com\/wp-content\/uploads\/2020\/05\/Zacken-dunkelgrau5.jpg\" title=\"Zacken dunkelgrau5\" alt=\"Zacken dunkelgrau5\" loading=\"lazy\" \/>\t\t\t\t\t\t\t\t\t\t\t\t\t\t\t<\/div>\n\t\t\t\t<\/div>\n\t\t\t\t\t<\/div>\n\t\t<\/div>\n\t\t\t\t\t<\/div>\n\t\t<\/section>\n\t\t\t\t<section class=\"elementor-section elementor-top-section elementor-element elementor-element-61dee90 elementor-section-boxed elementor-section-height-default elementor-section-height-default\" data-id=\"61dee90\" data-element_type=\"section\" data-e-type=\"section\" data-settings=\"{&quot;background_background&quot;:&quot;classic&quot;}\">\n\t\t\t\t\t\t<div class=\"elementor-container elementor-column-gap-default\">\n\t\t\t\t\t<div class=\"elementor-column elementor-col-100 elementor-top-column elementor-element elementor-element-c5c347b\" data-id=\"c5c347b\" data-element_type=\"column\" data-e-type=\"column\" data-settings=\"{&quot;background_background&quot;:&quot;classic&quot;}\">\n\t\t\t<div class=\"elementor-widget-wrap elementor-element-populated\">\n\t\t\t\t\t\t<div class=\"elementor-element elementor-element-78ff39d elementor-widget elementor-widget-image\" data-id=\"78ff39d\" data-element_type=\"widget\" data-e-type=\"widget\" data-widget_type=\"image.default\">\n\t\t\t\t<div class=\"elementor-widget-container\">\n\t\t\t\t\t\t\t\t\t\t\t\t\t\t\t<img fetchpriority=\"high\" decoding=\"async\" width=\"1000\" height=\"600\" src=\"https:\/\/www.sacinandanaswami.com\/wp-content\/uploads\/2020\/05\/beach-1854195.jpg\" class=\"attachment-large size-large wp-image-8831\" alt=\"\" srcset=\"https:\/\/www.sacinandanaswami.com\/wp-content\/uploads\/2020\/05\/beach-1854195.jpg 1000w, https:\/\/www.sacinandanaswami.com\/wp-content\/uploads\/2020\/05\/beach-1854195-600x360.jpg 600w, https:\/\/www.sacinandanaswami.com\/wp-content\/uploads\/2020\/05\/beach-1854195-300x180.jpg 300w, https:\/\/www.sacinandanaswami.com\/wp-content\/uploads\/2020\/05\/beach-1854195-768x461.jpg 768w\" sizes=\"(max-width: 1000px) 100vw, 1000px\" \/>\t\t\t\t\t\t\t\t\t\t\t\t\t\t\t<\/div>\n\t\t\t\t<\/div>\n\t\t\t\t<div class=\"elementor-element elementor-element-c7e6f21 elementor-widget elementor-widget-heading\" data-id=\"c7e6f21\" data-element_type=\"widget\" data-e-type=\"widget\" data-widget_type=\"heading.default\">\n\t\t\t\t<div class=\"elementor-widget-container\">\n\t\t\t\t\t<h2 class=\"elementor-heading-title elementor-size-default\">David und Goliath<\/h2>\t\t\t\t<\/div>\n\t\t\t\t<\/div>\n\t\t\t\t<div class=\"elementor-element elementor-element-ad50cfb elementor-widget elementor-widget-text-editor\" data-id=\"ad50cfb\" data-element_type=\"widget\" data-e-type=\"widget\" data-widget_type=\"text-editor.default\">\n\t\t\t\t<div class=\"elementor-widget-container\">\n\t\t\t\t\t\t\t\t\t<p>Eines Tages kam ein siebzehnj\u00e4hriger Hirtenjunge zu seinen Br\u00fcdern und fragte: <i>\u201eWarum steht ihr nicht auf und k\u00e4mpft gegen den Riesen?\u201c<\/i> Die Br\u00fcder waren erschrocken. Sie antworteten: <i>\u201eSiehst du nicht, dass er zu gro\u00df ist, um ihn zu schlagen?\u201c<\/i> Aber David sagte: <i>\u201eNein, er ist nicht zu gro\u00df zum schlagen, er ist zu gro\u00df, um zu verfehlen.\u201c<\/i> Der Rest ist Geschichte. Wir alle wissen, was passiert ist. David t\u00f6tete den Riesen mit einem Stein aus seiner Schleuder. Derselbe Riese, andere Wahrnehmung.<\/p><p>Unsere Einstellung bestimmt, wie wir einen R\u00fcckschlag sehen.<b> F\u00fcr einen positiv denkenden Menschen ist ein R\u00fcckschlag ein Sprungbrett zum Erfolg; f\u00fcr einen negativ denkenden Menschen ist er ein Stolperstein.<\/b><\/p>\t\t\t\t\t\t\t\t<\/div>\n\t\t\t\t<\/div>\n\t\t\t\t\t<\/div>\n\t\t<\/div>\n\t\t\t\t\t<\/div>\n\t\t<\/section>\n\t\t\t\t<section class=\"elementor-section elementor-top-section elementor-element elementor-element-9bc79a0 elementor-hidden-desktop elementor-hidden-tablet elementor-hidden-mobile elementor-section-boxed elementor-section-height-default elementor-section-height-default\" data-id=\"9bc79a0\" data-element_type=\"section\" data-e-type=\"section\" data-settings=\"{&quot;background_background&quot;:&quot;classic&quot;}\">\n\t\t\t\t\t\t<div class=\"elementor-container elementor-column-gap-default\">\n\t\t\t\t\t<div class=\"elementor-column elementor-col-100 elementor-top-column elementor-element elementor-element-dc3bf72\" data-id=\"dc3bf72\" data-element_type=\"column\" data-e-type=\"column\" data-settings=\"{&quot;background_background&quot;:&quot;classic&quot;}\">\n\t\t\t<div class=\"elementor-widget-wrap elementor-element-populated\">\n\t\t\t\t\t\t<div class=\"elementor-element elementor-element-4061824 elementor-widget elementor-widget-spacer\" data-id=\"4061824\" data-element_type=\"widget\" data-e-type=\"widget\" data-widget_type=\"spacer.default\">\n\t\t\t\t<div class=\"elementor-widget-container\">\n\t\t\t\t\t\t\t<div class=\"elementor-spacer\">\n\t\t\t<div class=\"elementor-spacer-inner\"><\/div>\n\t\t<\/div>\n\t\t\t\t\t\t<\/div>\n\t\t\t\t<\/div>\n\t\t\t\t<div class=\"elementor-element elementor-element-dc7b174 elementor-widget elementor-widget-heading\" data-id=\"dc7b174\" data-element_type=\"widget\" data-e-type=\"widget\" data-widget_type=\"heading.default\">\n\t\t\t\t<div class=\"elementor-widget-container\">\n\t\t\t\t\t<h2 class=\"elementor-heading-title elementor-size-default\">More Inspiring Articles<\/h2>\t\t\t\t<\/div>\n\t\t\t\t<\/div>\n\t\t\t\t\t<\/div>\n\t\t<\/div>\n\t\t\t\t\t<\/div>\n\t\t<\/section>\n\t\t\t\t<section class=\"elementor-section elementor-top-section elementor-element elementor-element-c073da8 elementor-section-boxed elementor-section-height-default elementor-section-height-default\" data-id=\"c073da8\" data-element_type=\"section\" data-e-type=\"section\" data-settings=\"{&quot;background_background&quot;:&quot;classic&quot;}\">\n\t\t\t\t\t\t<div class=\"elementor-container elementor-column-gap-default\">\n\t\t\t\t\t<div class=\"elementor-column elementor-col-100 elementor-top-column elementor-element elementor-element-6357446\" data-id=\"6357446\" data-element_type=\"column\" data-e-type=\"column\">\n\t\t\t<div class=\"elementor-widget-wrap elementor-element-populated\">\n\t\t\t\t\t\t<div class=\"elementor-element elementor-element-6432d74 elementor-widget elementor-widget-spacer\" data-id=\"6432d74\" data-element_type=\"widget\" data-e-type=\"widget\" data-widget_type=\"spacer.default\">\n\t\t\t\t<div class=\"elementor-widget-container\">\n\t\t\t\t\t\t\t<div class=\"elementor-spacer\">\n\t\t\t<div class=\"elementor-spacer-inner\"><\/div>\n\t\t<\/div>\n\t\t\t\t\t\t<\/div>\n\t\t\t\t<\/div>\n\t\t\t\t\t<\/div>\n\t\t<\/div>\n\t\t\t\t\t<\/div>\n\t\t<\/section>\n\t\t\t\t<\/div>\n\t\t","protected":false},"excerpt":{"rendered":"<p>Inspirierende Beitr\u00e4ge von Sacinandana Swami David und Goliath Eines Tages kam ein siebzehnj\u00e4hriger Hirtenjunge zu seinen Br\u00fcdern und fragte: \u201eWarum steht ihr nicht auf und k\u00e4mpft gegen den Riesen?\u201c Die Br\u00fcder waren erschrocken. Sie antworteten: \u201eSiehst du nicht, dass er zu gro\u00df ist, um ihn zu schlagen?\u201c Aber David sagte: \u201eNein, er ist nicht zu [&hellip;]<\/p>\n","protected":false},"author":5,"featured_media":0,"parent":2251,"menu_order":0,"comment_status":"closed","ping_status":"closed","template":"","meta":{"site-sidebar-layout":"no-sidebar","site-content-layout":"page-builder","ast-site-content-layout":"default","site-content-style":"default","site-sidebar-style":"default","ast-global-header-display":"","ast-banner-title-visibility":"","ast-main-header-display":"","ast-hfb-above-header-display":"","ast-hfb-below-header-display":"","ast-hfb-mobile-header-display":"","site-post-title":"disabled","ast-breadcrumbs-content":"","ast-featured-img":"disabled","footer-sml-layout":"","ast-disable-related-posts":"","theme-transparent-header-meta":"default","adv-header-id-meta":"","stick-header-meta":"","header-above-stick-meta":"","header-main-stick-meta":"","header-below-stick-meta":"","astra-migrate-meta-layouts":"default","ast-page-background-enabled":"default","ast-page-background-meta":{"desktop":{"background-color":"","background-image":"","background-repeat":"repeat","background-position":"center center","background-size":"auto","background-attachment":"scroll","background-type":"","background-media":"","overlay-type":"","overlay-color":"","overlay-opacity":"","overlay-gradient":""},"tablet":{"background-color":"","background-image":"","background-repeat":"repeat","background-position":"center center","background-size":"auto","background-attachment":"scroll","background-type":"","background-media":"","overlay-type":"","overlay-color":"","overlay-opacity":"","overlay-gradient":""},"mobile":{"background-color":"","background-image":"","background-repeat":"repeat","background-position":"center center","background-size":"auto","background-attachment":"scroll","background-type":"","background-media":"","overlay-type":"","overlay-color":"","overlay-opacity":"","overlay-gradient":""}},"ast-content-background-meta":{"desktop":{"background-color":"var(--ast-global-color-5)","background-image":"","background-repeat":"repeat","background-position":"center center","background-size":"auto","background-attachment":"scroll","background-type":"","background-media":"","overlay-type":"","overlay-color":"","overlay-opacity":"","overlay-gradient":""},"tablet":{"background-color":"var(--ast-global-color-5)","background-image":"","background-repeat":"repeat","background-position":"center center","background-size":"auto","background-attachment":"scroll","background-type":"","background-media":"","overlay-type":"","overlay-color":"","overlay-opacity":"","overlay-gradient":""},"mobile":{"background-color":"var(--ast-global-color-5)","background-image":"","background-repeat":"repeat","background-position":"center center","background-size":"auto","background-attachment":"scroll","background-type":"","background-media":"","overlay-type":"","overlay-color":"","overlay-opacity":"","overlay-gradient":""}},"footnotes":""},"class_list":["post-8767","page","type-page","status-publish","hentry"],"yoast_head":"<!-- This site is optimized with the Yoast SEO plugin v27.1.1 - https:\/\/yoast.com\/product\/yoast-seo-wordpress\/ -->\n<title>David and Goliath - Sacinandana Swami<\/title>\n<meta name=\"robots\" content=\"index, follow, max-snippet:-1, max-image-preview:large, max-video-preview:-1\" \/>\n<link rel=\"canonical\" href=\"https:\/\/www.sacinandanaswami.com\/de\/spiritual-inspirations\/inspiring-articles\/david-and-goliath\/\" \/>\n<meta property=\"og:locale\" content=\"de_DE\" \/>\n<meta property=\"og:type\" content=\"article\" \/>\n<meta property=\"og:title\" content=\"David and Goliath - Sacinandana Swami\" \/>\n<meta property=\"og:description\" content=\"Inspirierende Beitr\u00e4ge von Sacinandana Swami David und Goliath Eines Tages kam ein siebzehnj\u00e4hriger Hirtenjunge zu seinen Br\u00fcdern und fragte: \u201eWarum steht ihr nicht auf und k\u00e4mpft gegen den Riesen?\u201c Die Br\u00fcder waren erschrocken. Sie antworteten: \u201eSiehst du nicht, dass er zu gro\u00df ist, um ihn zu schlagen?\u201c Aber David sagte: \u201eNein, er ist nicht zu [&hellip;]\" \/>\n<meta property=\"og:url\" content=\"https:\/\/www.sacinandanaswami.com\/de\/spiritual-inspirations\/inspiring-articles\/david-and-goliath\/\" \/>\n<meta property=\"og:site_name\" content=\"Sacinandana Swami\" \/>\n<meta property=\"article:modified_time\" content=\"2024-06-04T10:44:25+00:00\" \/>\n<meta property=\"og:image\" content=\"https:\/\/www.sacinandanaswami.com\/wp-content\/uploads\/2020\/05\/Zacken-dunkelgrau5.jpg\" \/>\n<meta name=\"twitter:card\" content=\"summary_large_image\" \/>\n<meta name=\"twitter:label1\" content=\"Gesch\u00e4tzte Lesezeit\" \/>\n\t<meta name=\"twitter:data1\" content=\"2\u00a0Minuten\" \/>\n<script type=\"application\/ld+json\" class=\"yoast-schema-graph\">{\"@context\":\"https:\/\/schema.org\",\"@graph\":[{\"@type\":\"WebPage\",\"@id\":\"https:\/\/www.sacinandanaswami.com\/de\/spiritual-inspirations\/inspiring-articles\/david-and-goliath\/\",\"url\":\"https:\/\/www.sacinandanaswami.com\/de\/spiritual-inspirations\/inspiring-articles\/david-and-goliath\/\",\"name\":\"David and Goliath - Sacinandana Swami\",\"isPartOf\":{\"@id\":\"https:\/\/www.sacinandanaswami.com\/de\/#website\"},\"primaryImageOfPage\":{\"@id\":\"https:\/\/www.sacinandanaswami.com\/de\/spiritual-inspirations\/inspiring-articles\/david-and-goliath\/#primaryimage\"},\"image\":{\"@id\":\"https:\/\/www.sacinandanaswami.com\/de\/spiritual-inspirations\/inspiring-articles\/david-and-goliath\/#primaryimage\"},\"thumbnailUrl\":\"https:\/\/www.sacinandanaswami.com\/wp-content\/uploads\/2020\/05\/Zacken-dunkelgrau5.jpg\",\"datePublished\":\"2020-05-23T12:56:04+00:00\",\"dateModified\":\"2024-06-04T10:44:25+00:00\",\"breadcrumb\":{\"@id\":\"https:\/\/www.sacinandanaswami.com\/de\/spiritual-inspirations\/inspiring-articles\/david-and-goliath\/#breadcrumb\"},\"inLanguage\":\"de\",\"potentialAction\":[{\"@type\":\"ReadAction\",\"target\":[\"https:\/\/www.sacinandanaswami.com\/de\/spiritual-inspirations\/inspiring-articles\/david-and-goliath\/\"]}]},{\"@type\":\"ImageObject\",\"inLanguage\":\"de\",\"@id\":\"https:\/\/www.sacinandanaswami.com\/de\/spiritual-inspirations\/inspiring-articles\/david-and-goliath\/#primaryimage\",\"url\":\"https:\/\/www.sacinandanaswami.com\/wp-content\/uploads\/2020\/05\/Zacken-dunkelgrau5.jpg\",\"contentUrl\":\"https:\/\/www.sacinandanaswami.com\/wp-content\/uploads\/2020\/05\/Zacken-dunkelgrau5.jpg\"},{\"@type\":\"BreadcrumbList\",\"@id\":\"https:\/\/www.sacinandanaswami.com\/de\/spiritual-inspirations\/inspiring-articles\/david-and-goliath\/#breadcrumb\",\"itemListElement\":[{\"@type\":\"ListItem\",\"position\":1,\"name\":\"Startseite\",\"item\":\"https:\/\/www.sacinandanaswami.com\/de\/\"},{\"@type\":\"ListItem\",\"position\":2,\"name\":\"Spiritual Inspirations\",\"item\":\"https:\/\/www.sacinandanaswami.com\/de\/spiritual-inspirations\/\"},{\"@type\":\"ListItem\",\"position\":3,\"name\":\"Inspiring Articles\",\"item\":\"https:\/\/www.sacinandanaswami.com\/de\/spiritual-inspirations\/inspiring-articles\/\"},{\"@type\":\"ListItem\",\"position\":4,\"name\":\"David and Goliath\"}]},{\"@type\":\"WebSite\",\"@id\":\"https:\/\/www.sacinandanaswami.com\/de\/#website\",\"url\":\"https:\/\/www.sacinandanaswami.com\/de\/\",\"name\":\"Sacinandana Swami\",\"description\":\"\",\"publisher\":{\"@id\":\"https:\/\/www.sacinandanaswami.com\/de\/#organization\"},\"potentialAction\":[{\"@type\":\"SearchAction\",\"target\":{\"@type\":\"EntryPoint\",\"urlTemplate\":\"https:\/\/www.sacinandanaswami.com\/de\/?s={search_term_string}\"},\"query-input\":{\"@type\":\"PropertyValueSpecification\",\"valueRequired\":true,\"valueName\":\"search_term_string\"}}],\"inLanguage\":\"de\"},{\"@type\":\"Organization\",\"@id\":\"https:\/\/www.sacinandanaswami.com\/de\/#organization\",\"name\":\"Sacinandana Swami\",\"url\":\"https:\/\/www.sacinandanaswami.com\/de\/\",\"logo\":{\"@type\":\"ImageObject\",\"inLanguage\":\"de\",\"@id\":\"https:\/\/www.sacinandanaswami.com\/de\/#\/schema\/logo\/image\/\",\"url\":\"https:\/\/www.sacinandanaswami.com\/wp-content\/uploads\/2022\/06\/SNS_Logo.svg\",\"contentUrl\":\"https:\/\/www.sacinandanaswami.com\/wp-content\/uploads\/2022\/06\/SNS_Logo.svg\",\"width\":585,\"height\":200,\"caption\":\"Sacinandana Swami\"},\"image\":{\"@id\":\"https:\/\/www.sacinandanaswami.com\/de\/#\/schema\/logo\/image\/\"}}]}<\/script>\n<!-- \/ Yoast SEO plugin. -->","yoast_head_json":{"title":"David and Goliath - Sacinandana Swami","robots":{"index":"index","follow":"follow","max-snippet":"max-snippet:-1","max-image-preview":"max-image-preview:large","max-video-preview":"max-video-preview:-1"},"canonical":"https:\/\/www.sacinandanaswami.com\/de\/spiritual-inspirations\/inspiring-articles\/david-and-goliath\/","og_locale":"de_DE","og_type":"article","og_title":"David and Goliath - Sacinandana Swami","og_description":"Inspirierende Beitr\u00e4ge von Sacinandana Swami David und Goliath Eines Tages kam ein siebzehnj\u00e4hriger Hirtenjunge zu seinen Br\u00fcdern und fragte: \u201eWarum steht ihr nicht auf und k\u00e4mpft gegen den Riesen?\u201c Die Br\u00fcder waren erschrocken. Sie antworteten: \u201eSiehst du nicht, dass er zu gro\u00df ist, um ihn zu schlagen?\u201c Aber David sagte: \u201eNein, er ist nicht zu [&hellip;]","og_url":"https:\/\/www.sacinandanaswami.com\/de\/spiritual-inspirations\/inspiring-articles\/david-and-goliath\/","og_site_name":"Sacinandana Swami","article_modified_time":"2024-06-04T10:44:25+00:00","og_image":[{"url":"https:\/\/www.sacinandanaswami.com\/wp-content\/uploads\/2020\/05\/Zacken-dunkelgrau5.jpg","type":"","width":"","height":""}],"twitter_card":"summary_large_image","twitter_misc":{"Gesch\u00e4tzte Lesezeit":"2\u00a0Minuten"},"schema":{"@context":"https:\/\/schema.org","@graph":[{"@type":"WebPage","@id":"https:\/\/www.sacinandanaswami.com\/de\/spiritual-inspirations\/inspiring-articles\/david-and-goliath\/","url":"https:\/\/www.sacinandanaswami.com\/de\/spiritual-inspirations\/inspiring-articles\/david-and-goliath\/","name":"David and Goliath - Sacinandana Swami","isPartOf":{"@id":"https:\/\/www.sacinandanaswami.com\/de\/#website"},"primaryImageOfPage":{"@id":"https:\/\/www.sacinandanaswami.com\/de\/spiritual-inspirations\/inspiring-articles\/david-and-goliath\/#primaryimage"},"image":{"@id":"https:\/\/www.sacinandanaswami.com\/de\/spiritual-inspirations\/inspiring-articles\/david-and-goliath\/#primaryimage"},"thumbnailUrl":"https:\/\/www.sacinandanaswami.com\/wp-content\/uploads\/2020\/05\/Zacken-dunkelgrau5.jpg","datePublished":"2020-05-23T12:56:04+00:00","dateModified":"2024-06-04T10:44:25+00:00","breadcrumb":{"@id":"https:\/\/www.sacinandanaswami.com\/de\/spiritual-inspirations\/inspiring-articles\/david-and-goliath\/#breadcrumb"},"inLanguage":"de","potentialAction":[{"@type":"ReadAction","target":["https:\/\/www.sacinandanaswami.com\/de\/spiritual-inspirations\/inspiring-articles\/david-and-goliath\/"]}]},{"@type":"ImageObject","inLanguage":"de","@id":"https:\/\/www.sacinandanaswami.com\/de\/spiritual-inspirations\/inspiring-articles\/david-and-goliath\/#primaryimage","url":"https:\/\/www.sacinandanaswami.com\/wp-content\/uploads\/2020\/05\/Zacken-dunkelgrau5.jpg","contentUrl":"https:\/\/www.sacinandanaswami.com\/wp-content\/uploads\/2020\/05\/Zacken-dunkelgrau5.jpg"},{"@type":"BreadcrumbList","@id":"https:\/\/www.sacinandanaswami.com\/de\/spiritual-inspirations\/inspiring-articles\/david-and-goliath\/#breadcrumb","itemListElement":[{"@type":"ListItem","position":1,"name":"Startseite","item":"https:\/\/www.sacinandanaswami.com\/de\/"},{"@type":"ListItem","position":2,"name":"Spiritual Inspirations","item":"https:\/\/www.sacinandanaswami.com\/de\/spiritual-inspirations\/"},{"@type":"ListItem","position":3,"name":"Inspiring Articles","item":"https:\/\/www.sacinandanaswami.com\/de\/spiritual-inspirations\/inspiring-articles\/"},{"@type":"ListItem","position":4,"name":"David and Goliath"}]},{"@type":"WebSite","@id":"https:\/\/www.sacinandanaswami.com\/de\/#website","url":"https:\/\/www.sacinandanaswami.com\/de\/","name":"Sacinandana Swami","description":"","publisher":{"@id":"https:\/\/www.sacinandanaswami.com\/de\/#organization"},"potentialAction":[{"@type":"SearchAction","target":{"@type":"EntryPoint","urlTemplate":"https:\/\/www.sacinandanaswami.com\/de\/?s={search_term_string}"},"query-input":{"@type":"PropertyValueSpecification","valueRequired":true,"valueName":"search_term_string"}}],"inLanguage":"de"},{"@type":"Organization","@id":"https:\/\/www.sacinandanaswami.com\/de\/#organization","name":"Sacinandana Swami","url":"https:\/\/www.sacinandanaswami.com\/de\/","logo":{"@type":"ImageObject","inLanguage":"de","@id":"https:\/\/www.sacinandanaswami.com\/de\/#\/schema\/logo\/image\/","url":"https:\/\/www.sacinandanaswami.com\/wp-content\/uploads\/2022\/06\/SNS_Logo.svg","contentUrl":"https:\/\/www.sacinandanaswami.com\/wp-content\/uploads\/2022\/06\/SNS_Logo.svg","width":585,"height":200,"caption":"Sacinandana Swami"},"image":{"@id":"https:\/\/www.sacinandanaswami.com\/de\/#\/schema\/logo\/image\/"}}]}},"_links":{"self":[{"href":"https:\/\/www.sacinandanaswami.com\/de\/wp-json\/wp\/v2\/pages\/8767","targetHints":{"allow":["GET"]}}],"collection":[{"href":"https:\/\/www.sacinandanaswami.com\/de\/wp-json\/wp\/v2\/pages"}],"about":[{"href":"https:\/\/www.sacinandanaswami.com\/de\/wp-json\/wp\/v2\/types\/page"}],"author":[{"embeddable":true,"href":"https:\/\/www.sacinandanaswami.com\/de\/wp-json\/wp\/v2\/users\/5"}],"replies":[{"embeddable":true,"href":"https:\/\/www.sacinandanaswami.com\/de\/wp-json\/wp\/v2\/comments?post=8767"}],"version-history":[{"count":3,"href":"https:\/\/www.sacinandanaswami.com\/de\/wp-json\/wp\/v2\/pages\/8767\/revisions"}],"predecessor-version":[{"id":13574,"href":"https:\/\/www.sacinandanaswami.com\/de\/wp-json\/wp\/v2\/pages\/8767\/revisions\/13574"}],"up":[{"embeddable":true,"href":"https:\/\/www.sacinandanaswami.com\/de\/wp-json\/wp\/v2\/pages\/2251"}],"wp:attachment":[{"href":"https:\/\/www.sacinandanaswami.com\/de\/wp-json\/wp\/v2\/media?parent=8767"}],"curies":[{"name":"wp","href":"https:\/\/api.w.org\/{rel}","templated":true}]}}