{"id":8958,"date":"2020-05-23T20:43:50","date_gmt":"2020-05-23T18:43:50","guid":{"rendered":"https:\/\/www.sacinandanaswami.com\/?page_id=8958"},"modified":"2024-10-06T14:02:00","modified_gmt":"2024-10-06T12:02:00","slug":"the-cricket","status":"publish","type":"page","link":"https:\/\/www.sacinandanaswami.com\/de\/spiritual-inspirations\/wisdom-stories\/the-cricket\/","title":{"rendered":"The Cricket"},"content":{"rendered":"\t\t<div data-elementor-type=\"wp-page\" data-elementor-id=\"8958\" class=\"elementor elementor-8958\" data-elementor-post-type=\"page\">\n\t\t\t\t\t\t<section class=\"elementor-section elementor-top-section elementor-element elementor-element-cbac11a elementor-section-boxed elementor-section-height-default elementor-section-height-default\" data-id=\"cbac11a\" data-element_type=\"section\" data-e-type=\"section\" data-settings=\"{&quot;background_background&quot;:&quot;classic&quot;}\">\n\t\t\t\t\t\t<div class=\"elementor-container elementor-column-gap-default\">\n\t\t\t\t\t<div class=\"elementor-column elementor-col-100 elementor-top-column elementor-element elementor-element-d2930e3\" data-id=\"d2930e3\" data-element_type=\"column\" data-e-type=\"column\">\n\t\t\t<div class=\"elementor-widget-wrap elementor-element-populated\">\n\t\t\t\t\t\t<div class=\"elementor-element elementor-element-18d3dd4 elementor-widget elementor-widget-spacer\" data-id=\"18d3dd4\" data-element_type=\"widget\" data-e-type=\"widget\" data-widget_type=\"spacer.default\">\n\t\t\t\t<div class=\"elementor-widget-container\">\n\t\t\t\t\t\t\t<div class=\"elementor-spacer\">\n\t\t\t<div class=\"elementor-spacer-inner\"><\/div>\n\t\t<\/div>\n\t\t\t\t\t\t<\/div>\n\t\t\t\t<\/div>\n\t\t\t\t\t<\/div>\n\t\t<\/div>\n\t\t\t\t\t<\/div>\n\t\t<\/section>\n\t\t\t\t<section class=\"elementor-section elementor-top-section elementor-element elementor-element-68bd3e95 elementor-section-boxed elementor-section-height-default elementor-section-height-default\" data-id=\"68bd3e95\" data-element_type=\"section\" data-e-type=\"section\" data-settings=\"{&quot;background_background&quot;:&quot;classic&quot;}\">\n\t\t\t\t\t\t<div class=\"elementor-container elementor-column-gap-default\">\n\t\t\t\t\t<div class=\"elementor-column elementor-col-100 elementor-top-column elementor-element elementor-element-30c8ce58\" data-id=\"30c8ce58\" data-element_type=\"column\" data-e-type=\"column\" data-settings=\"{&quot;background_background&quot;:&quot;classic&quot;}\">\n\t\t\t<div class=\"elementor-widget-wrap elementor-element-populated\">\n\t\t\t\t\t\t<div class=\"elementor-element elementor-element-54940750 elementor-widget elementor-widget-heading\" data-id=\"54940750\" data-element_type=\"widget\" data-e-type=\"widget\" data-widget_type=\"heading.default\">\n\t\t\t\t<div class=\"elementor-widget-container\">\n\t\t\t\t\t<div class=\"elementor-heading-title elementor-size-large\">Weisheitsgeschichten<\/div>\t\t\t\t<\/div>\n\t\t\t\t<\/div>\n\t\t\t\t\t<\/div>\n\t\t<\/div>\n\t\t\t\t\t<\/div>\n\t\t<\/section>\n\t\t\t\t<section class=\"elementor-section elementor-top-section elementor-element elementor-element-2fd660e0 elementor-section-boxed elementor-section-height-default elementor-section-height-default\" data-id=\"2fd660e0\" data-element_type=\"section\" data-e-type=\"section\" data-settings=\"{&quot;background_background&quot;:&quot;classic&quot;}\">\n\t\t\t\t\t\t<div class=\"elementor-container elementor-column-gap-default\">\n\t\t\t\t\t<div class=\"elementor-column elementor-col-100 elementor-top-column elementor-element elementor-element-546032ab\" data-id=\"546032ab\" data-element_type=\"column\" data-e-type=\"column\" data-settings=\"{&quot;background_background&quot;:&quot;classic&quot;}\">\n\t\t\t<div class=\"elementor-widget-wrap elementor-element-populated\">\n\t\t\t\t\t\t<div class=\"elementor-element elementor-element-2cec4825 elementor-widget__width-initial elementor-absolute elementor-widget elementor-widget-image\" data-id=\"2cec4825\" data-element_type=\"widget\" data-e-type=\"widget\" data-settings=\"{&quot;_position&quot;:&quot;absolute&quot;}\" data-widget_type=\"image.default\">\n\t\t\t\t<div class=\"elementor-widget-container\">\n\t\t\t\t\t\t\t\t\t\t\t\t\t\t\t<img decoding=\"async\" src=\"https:\/\/www.sacinandanaswami.com\/wp-content\/uploads\/2020\/05\/Zacken-dunkelgrau5.jpg\" title=\"Zacken dunkelgrau5\" alt=\"Zacken dunkelgrau5\" loading=\"lazy\" \/>\t\t\t\t\t\t\t\t\t\t\t\t\t\t\t<\/div>\n\t\t\t\t<\/div>\n\t\t\t\t\t<\/div>\n\t\t<\/div>\n\t\t\t\t\t<\/div>\n\t\t<\/section>\n\t\t\t\t<section class=\"elementor-section elementor-top-section elementor-element elementor-element-61dee90 elementor-section-boxed elementor-section-height-default elementor-section-height-default\" data-id=\"61dee90\" data-element_type=\"section\" data-e-type=\"section\" data-settings=\"{&quot;background_background&quot;:&quot;classic&quot;}\">\n\t\t\t\t\t\t<div class=\"elementor-container elementor-column-gap-default\">\n\t\t\t\t\t<div class=\"elementor-column elementor-col-100 elementor-top-column elementor-element elementor-element-c5c347b\" data-id=\"c5c347b\" data-element_type=\"column\" data-e-type=\"column\" data-settings=\"{&quot;background_background&quot;:&quot;classic&quot;}\">\n\t\t\t<div class=\"elementor-widget-wrap elementor-element-populated\">\n\t\t\t\t\t\t<div class=\"elementor-element elementor-element-78ff39d elementor-widget elementor-widget-image\" data-id=\"78ff39d\" data-element_type=\"widget\" data-e-type=\"widget\" data-widget_type=\"image.default\">\n\t\t\t\t<div class=\"elementor-widget-container\">\n\t\t\t\t\t\t\t\t\t\t\t\t\t\t\t<img fetchpriority=\"high\" decoding=\"async\" width=\"1000\" height=\"600\" src=\"https:\/\/www.sacinandanaswami.com\/wp-content\/uploads\/2020\/05\/cricket-1287428.jpg\" class=\"attachment-large size-large wp-image-8997\" alt=\"\" srcset=\"https:\/\/www.sacinandanaswami.com\/wp-content\/uploads\/2020\/05\/cricket-1287428.jpg 1000w, https:\/\/www.sacinandanaswami.com\/wp-content\/uploads\/2020\/05\/cricket-1287428-600x360.jpg 600w, https:\/\/www.sacinandanaswami.com\/wp-content\/uploads\/2020\/05\/cricket-1287428-300x180.jpg 300w, https:\/\/www.sacinandanaswami.com\/wp-content\/uploads\/2020\/05\/cricket-1287428-768x461.jpg 768w\" sizes=\"(max-width: 1000px) 100vw, 1000px\" \/>\t\t\t\t\t\t\t\t\t\t\t\t\t\t\t<\/div>\n\t\t\t\t<\/div>\n\t\t\t\t<div class=\"elementor-element elementor-element-c7e6f21 elementor-widget elementor-widget-heading\" data-id=\"c7e6f21\" data-element_type=\"widget\" data-e-type=\"widget\" data-widget_type=\"heading.default\">\n\t\t\t\t<div class=\"elementor-widget-container\">\n\t\t\t\t\t<h2 class=\"elementor-heading-title elementor-size-default\">Die Grille<\/h2>\t\t\t\t<\/div>\n\t\t\t\t<\/div>\n\t\t\t\t<div class=\"elementor-element elementor-element-ad50cfb elementor-widget elementor-widget-text-editor\" data-id=\"ad50cfb\" data-element_type=\"widget\" data-e-type=\"widget\" data-widget_type=\"text-editor.default\">\n\t\t\t\t<div class=\"elementor-widget-container\">\n\t\t\t\t\t\t\t\t\t<p class=\"p1\"><b>Ein amerikanischer Ureinwohner und sein Freund spazierten w\u00e4hrend der Mittagspause \u00fcber den Times Square im Zentrum von New York.<\/b> Die Stra\u00dfen waren voll von Menschen. Autos hupten, Taxis quietschten um die Ecken, Sirenen heulten, und der L\u00e4rm der Stadt war fast ohrenbet\u00e4ubend. Pl\u00f6tzlich sagte der Indianer: \u201e<i>Ich h\u00f6re eine Grille<\/i>\u201c.<\/p><p class=\"p1\">Sein Freund sagte: \u201e<i>Was? Du musst verr\u00fcckt sein. Bei all dem L\u00e4rm kannst du unm\u00f6glich eine Grille h\u00f6ren!<\/i>\u201c<br \/>\u201e<i>Nein, da bin ich mir sicher<\/i>\u201c, sagte der Indianer, \u201c<i>ich h\u00f6re eine Grille.<\/i>\u201c<br \/>\u201e<i>Das ist verr\u00fcckt<\/i>\u201c, beharrte sein Freund.<\/p><p class=\"p1\">Der Indianer h\u00f6rte einen Moment lang aufmerksam zu und ging dann auf die andere Stra\u00dfenseite zu einem gro\u00dfen Zementtopf mit Str\u00e4uchern. Er schaute unter die Zweige und fand tats\u00e4chlich eine kleine Grille. Sein Freund war v\u00f6llig verbl\u00fcfft.<\/p><p class=\"p1\">\u201e<i>Das ist unglaublich<\/i>\u201c, sagte sein Freund. \u201e<i>Du musst \u00fcbermenschliche Ohren haben!<\/i>\u201c<br \/>\u201e<i>Nein<\/i>\u201c, sagte der Ureinwohner. \u201e<i>Meine Ohren sind nicht anders als deine. Es kommt nur darauf an, worauf du h\u00f6rst.<\/i>\u201c<br \/>\u201e<i>Aber das kann nicht sein!<\/i>\u201c, sagte der Freund. \u201e<i>Ich k\u00f6nnte bei diesem L\u00e4rm niemals eine Grille h\u00f6ren.<\/i>\u201c<br \/>\u201e<i>Ja, das stimmt<\/i>\u201c, kam die Antwort. \u201e<i>Es kommt darauf an, was f\u00fcr dich wirklich wichtig ist. Hier, ich zeige es dir.<\/i>\u201c<\/p><p class=\"p1\">Er griff in seine Tasche, zog ein paar M\u00fcnzen heraus und lie\u00df sie diskret auf den B\u00fcrgersteig fallen. W\u00e4hrend der L\u00e4rm der belebten Stra\u00dfe noch in ihren Ohren dr\u00f6hnte, bemerkten sie, wie sich jeder Kopf im Umkreis von zwanzig Metern umdrehte und nachsah, ob das Geld, das auf den Gehweg geklirrt war, ihnen geh\u00f6rte.<\/p><p class=\"p1\">\u201e<i>Siehst du, was ich meine?<\/i>\u201c, fragte der Indianer. \u201e<i>Es h\u00e4ngt alles davon ab, was dir wichtig ist.<\/i>\u201c<\/p>\t\t\t\t\t\t\t\t<\/div>\n\t\t\t\t<\/div>\n\t\t\t\t\t<\/div>\n\t\t<\/div>\n\t\t\t\t\t<\/div>\n\t\t<\/section>\n\t\t\t\t<section class=\"elementor-section elementor-top-section elementor-element elementor-element-9bc79a0 elementor-section-boxed elementor-section-height-default elementor-section-height-default\" data-id=\"9bc79a0\" data-element_type=\"section\" data-e-type=\"section\" data-settings=\"{&quot;background_background&quot;:&quot;classic&quot;}\">\n\t\t\t\t\t\t<div class=\"elementor-container elementor-column-gap-default\">\n\t\t\t\t\t<div class=\"elementor-column elementor-col-100 elementor-top-column elementor-element elementor-element-dc3bf72\" data-id=\"dc3bf72\" data-element_type=\"column\" data-e-type=\"column\" data-settings=\"{&quot;background_background&quot;:&quot;classic&quot;}\">\n\t\t\t<div class=\"elementor-widget-wrap elementor-element-populated\">\n\t\t\t\t\t\t<div class=\"elementor-element elementor-element-4061824 elementor-widget elementor-widget-spacer\" data-id=\"4061824\" data-element_type=\"widget\" data-e-type=\"widget\" data-widget_type=\"spacer.default\">\n\t\t\t\t<div class=\"elementor-widget-container\">\n\t\t\t\t\t\t\t<div class=\"elementor-spacer\">\n\t\t\t<div class=\"elementor-spacer-inner\"><\/div>\n\t\t<\/div>\n\t\t\t\t\t\t<\/div>\n\t\t\t\t<\/div>\n\t\t\t\t<div class=\"elementor-element elementor-element-dc7b174 elementor-widget elementor-widget-heading\" data-id=\"dc7b174\" data-element_type=\"widget\" data-e-type=\"widget\" data-widget_type=\"heading.default\">\n\t\t\t\t<div class=\"elementor-widget-container\">\n\t\t\t\t\t<h2 class=\"elementor-heading-title elementor-size-default\">Mehr Weisheitsgeschichten<\/h2>\t\t\t\t<\/div>\n\t\t\t\t<\/div>\n\t\t\t\t\t<\/div>\n\t\t<\/div>\n\t\t\t\t\t<\/div>\n\t\t<\/section>\n\t\t\t\t<section class=\"elementor-section elementor-top-section elementor-element elementor-element-c073da8 elementor-section-boxed elementor-section-height-default elementor-section-height-default\" data-id=\"c073da8\" data-element_type=\"section\" data-e-type=\"section\" data-settings=\"{&quot;background_background&quot;:&quot;classic&quot;}\">\n\t\t\t\t\t\t<div class=\"elementor-container elementor-column-gap-default\">\n\t\t\t\t\t<div class=\"elementor-column elementor-col-100 elementor-top-column elementor-element elementor-element-6357446\" data-id=\"6357446\" data-element_type=\"column\" data-e-type=\"column\">\n\t\t\t<div class=\"elementor-widget-wrap elementor-element-populated\">\n\t\t\t\t\t\t<div class=\"elementor-element elementor-element-6432d74 elementor-widget elementor-widget-spacer\" data-id=\"6432d74\" data-element_type=\"widget\" data-e-type=\"widget\" data-widget_type=\"spacer.default\">\n\t\t\t\t<div class=\"elementor-widget-container\">\n\t\t\t\t\t\t\t<div class=\"elementor-spacer\">\n\t\t\t<div class=\"elementor-spacer-inner\"><\/div>\n\t\t<\/div>\n\t\t\t\t\t\t<\/div>\n\t\t\t\t<\/div>\n\t\t\t\t\t<\/div>\n\t\t<\/div>\n\t\t\t\t\t<\/div>\n\t\t<\/section>\n\t\t\t\t<\/div>\n\t\t","protected":false},"excerpt":{"rendered":"<p>Weisheitsgeschichten Die Grille Ein amerikanischer Ureinwohner und sein Freund spazierten w\u00e4hrend der Mittagspause \u00fcber den Times Square im Zentrum von New York. Die Stra\u00dfen waren voll von Menschen. Autos hupten, Taxis quietschten um die Ecken, Sirenen heulten, und der L\u00e4rm der Stadt war fast ohrenbet\u00e4ubend. Pl\u00f6tzlich sagte der Indianer: \u201eIch h\u00f6re eine Grille\u201c. Sein Freund [&hellip;]<\/p>\n","protected":false},"author":5,"featured_media":0,"parent":2255,"menu_order":0,"comment_status":"closed","ping_status":"closed","template":"","meta":{"site-sidebar-layout":"no-sidebar","site-content-layout":"page-builder","ast-site-content-layout":"default","site-content-style":"default","site-sidebar-style":"default","ast-global-header-display":"","ast-banner-title-visibility":"","ast-main-header-display":"","ast-hfb-above-header-display":"","ast-hfb-below-header-display":"","ast-hfb-mobile-header-display":"","site-post-title":"disabled","ast-breadcrumbs-content":"","ast-featured-img":"disabled","footer-sml-layout":"","ast-disable-related-posts":"","theme-transparent-header-meta":"default","adv-header-id-meta":"","stick-header-meta":"","header-above-stick-meta":"","header-main-stick-meta":"","header-below-stick-meta":"","astra-migrate-meta-layouts":"default","ast-page-background-enabled":"default","ast-page-background-meta":{"desktop":{"background-color":"","background-image":"","background-repeat":"repeat","background-position":"center center","background-size":"auto","background-attachment":"scroll","background-type":"","background-media":"","overlay-type":"","overlay-color":"","overlay-opacity":"","overlay-gradient":""},"tablet":{"background-color":"","background-image":"","background-repeat":"repeat","background-position":"center center","background-size":"auto","background-attachment":"scroll","background-type":"","background-media":"","overlay-type":"","overlay-color":"","overlay-opacity":"","overlay-gradient":""},"mobile":{"background-color":"","background-image":"","background-repeat":"repeat","background-position":"center center","background-size":"auto","background-attachment":"scroll","background-type":"","background-media":"","overlay-type":"","overlay-color":"","overlay-opacity":"","overlay-gradient":""}},"ast-content-background-meta":{"desktop":{"background-color":"var(--ast-global-color-5)","background-image":"","background-repeat":"repeat","background-position":"center center","background-size":"auto","background-attachment":"scroll","background-type":"","background-media":"","overlay-type":"","overlay-color":"","overlay-opacity":"","overlay-gradient":""},"tablet":{"background-color":"var(--ast-global-color-5)","background-image":"","background-repeat":"repeat","background-position":"center center","background-size":"auto","background-attachment":"scroll","background-type":"","background-media":"","overlay-type":"","overlay-color":"","overlay-opacity":"","overlay-gradient":""},"mobile":{"background-color":"var(--ast-global-color-5)","background-image":"","background-repeat":"repeat","background-position":"center center","background-size":"auto","background-attachment":"scroll","background-type":"","background-media":"","overlay-type":"","overlay-color":"","overlay-opacity":"","overlay-gradient":""}},"footnotes":""},"class_list":["post-8958","page","type-page","status-publish","hentry"],"yoast_head":"<!-- This site is optimized with the Yoast SEO plugin v27.1.1 - https:\/\/yoast.com\/product\/yoast-seo-wordpress\/ -->\n<title>The Cricket - Sacinandana Swami<\/title>\n<meta name=\"robots\" content=\"index, follow, max-snippet:-1, max-image-preview:large, max-video-preview:-1\" \/>\n<link rel=\"canonical\" href=\"https:\/\/www.sacinandanaswami.com\/de\/spiritual-inspirations\/wisdom-stories\/the-cricket\/\" \/>\n<meta property=\"og:locale\" content=\"de_DE\" \/>\n<meta property=\"og:type\" content=\"article\" \/>\n<meta property=\"og:title\" content=\"The Cricket - Sacinandana Swami\" \/>\n<meta property=\"og:description\" content=\"Weisheitsgeschichten Die Grille Ein amerikanischer Ureinwohner und sein Freund spazierten w\u00e4hrend der Mittagspause \u00fcber den Times Square im Zentrum von New York. Die Stra\u00dfen waren voll von Menschen. Autos hupten, Taxis quietschten um die Ecken, Sirenen heulten, und der L\u00e4rm der Stadt war fast ohrenbet\u00e4ubend. Pl\u00f6tzlich sagte der Indianer: \u201eIch h\u00f6re eine Grille\u201c. Sein Freund [&hellip;]\" \/>\n<meta property=\"og:url\" content=\"https:\/\/www.sacinandanaswami.com\/de\/spiritual-inspirations\/wisdom-stories\/the-cricket\/\" \/>\n<meta property=\"og:site_name\" content=\"Sacinandana Swami\" \/>\n<meta property=\"article:modified_time\" content=\"2024-10-06T12:02:00+00:00\" \/>\n<meta property=\"og:image\" content=\"https:\/\/www.sacinandanaswami.com\/wp-content\/uploads\/2020\/05\/Zacken-dunkelgrau5.jpg\" \/>\n<meta name=\"twitter:card\" content=\"summary_large_image\" \/>\n<meta name=\"twitter:label1\" content=\"Gesch\u00e4tzte Lesezeit\" \/>\n\t<meta name=\"twitter:data1\" content=\"2\u00a0Minuten\" \/>\n<script type=\"application\/ld+json\" class=\"yoast-schema-graph\">{\"@context\":\"https:\/\/schema.org\",\"@graph\":[{\"@type\":\"WebPage\",\"@id\":\"https:\/\/www.sacinandanaswami.com\/de\/spiritual-inspirations\/wisdom-stories\/the-cricket\/\",\"url\":\"https:\/\/www.sacinandanaswami.com\/de\/spiritual-inspirations\/wisdom-stories\/the-cricket\/\",\"name\":\"The Cricket - Sacinandana Swami\",\"isPartOf\":{\"@id\":\"https:\/\/www.sacinandanaswami.com\/de\/#website\"},\"primaryImageOfPage\":{\"@id\":\"https:\/\/www.sacinandanaswami.com\/de\/spiritual-inspirations\/wisdom-stories\/the-cricket\/#primaryimage\"},\"image\":{\"@id\":\"https:\/\/www.sacinandanaswami.com\/de\/spiritual-inspirations\/wisdom-stories\/the-cricket\/#primaryimage\"},\"thumbnailUrl\":\"https:\/\/www.sacinandanaswami.com\/wp-content\/uploads\/2020\/05\/Zacken-dunkelgrau5.jpg\",\"datePublished\":\"2020-05-23T18:43:50+00:00\",\"dateModified\":\"2024-10-06T12:02:00+00:00\",\"breadcrumb\":{\"@id\":\"https:\/\/www.sacinandanaswami.com\/de\/spiritual-inspirations\/wisdom-stories\/the-cricket\/#breadcrumb\"},\"inLanguage\":\"de\",\"potentialAction\":[{\"@type\":\"ReadAction\",\"target\":[\"https:\/\/www.sacinandanaswami.com\/de\/spiritual-inspirations\/wisdom-stories\/the-cricket\/\"]}]},{\"@type\":\"ImageObject\",\"inLanguage\":\"de\",\"@id\":\"https:\/\/www.sacinandanaswami.com\/de\/spiritual-inspirations\/wisdom-stories\/the-cricket\/#primaryimage\",\"url\":\"https:\/\/www.sacinandanaswami.com\/wp-content\/uploads\/2020\/05\/Zacken-dunkelgrau5.jpg\",\"contentUrl\":\"https:\/\/www.sacinandanaswami.com\/wp-content\/uploads\/2020\/05\/Zacken-dunkelgrau5.jpg\"},{\"@type\":\"BreadcrumbList\",\"@id\":\"https:\/\/www.sacinandanaswami.com\/de\/spiritual-inspirations\/wisdom-stories\/the-cricket\/#breadcrumb\",\"itemListElement\":[{\"@type\":\"ListItem\",\"position\":1,\"name\":\"Startseite\",\"item\":\"https:\/\/www.sacinandanaswami.com\/de\/\"},{\"@type\":\"ListItem\",\"position\":2,\"name\":\"Spiritual Inspirations\",\"item\":\"https:\/\/www.sacinandanaswami.com\/de\/spiritual-inspirations\/\"},{\"@type\":\"ListItem\",\"position\":3,\"name\":\"Wisdom Stories\",\"item\":\"https:\/\/www.sacinandanaswami.com\/de\/spiritual-inspirations\/wisdom-stories\/\"},{\"@type\":\"ListItem\",\"position\":4,\"name\":\"The Cricket\"}]},{\"@type\":\"WebSite\",\"@id\":\"https:\/\/www.sacinandanaswami.com\/de\/#website\",\"url\":\"https:\/\/www.sacinandanaswami.com\/de\/\",\"name\":\"Sacinandana Swami\",\"description\":\"\",\"publisher\":{\"@id\":\"https:\/\/www.sacinandanaswami.com\/de\/#organization\"},\"potentialAction\":[{\"@type\":\"SearchAction\",\"target\":{\"@type\":\"EntryPoint\",\"urlTemplate\":\"https:\/\/www.sacinandanaswami.com\/de\/?s={search_term_string}\"},\"query-input\":{\"@type\":\"PropertyValueSpecification\",\"valueRequired\":true,\"valueName\":\"search_term_string\"}}],\"inLanguage\":\"de\"},{\"@type\":\"Organization\",\"@id\":\"https:\/\/www.sacinandanaswami.com\/de\/#organization\",\"name\":\"Sacinandana Swami\",\"url\":\"https:\/\/www.sacinandanaswami.com\/de\/\",\"logo\":{\"@type\":\"ImageObject\",\"inLanguage\":\"de\",\"@id\":\"https:\/\/www.sacinandanaswami.com\/de\/#\/schema\/logo\/image\/\",\"url\":\"https:\/\/www.sacinandanaswami.com\/wp-content\/uploads\/2022\/06\/SNS_Logo.svg\",\"contentUrl\":\"https:\/\/www.sacinandanaswami.com\/wp-content\/uploads\/2022\/06\/SNS_Logo.svg\",\"width\":585,\"height\":200,\"caption\":\"Sacinandana Swami\"},\"image\":{\"@id\":\"https:\/\/www.sacinandanaswami.com\/de\/#\/schema\/logo\/image\/\"}}]}<\/script>\n<!-- \/ Yoast SEO plugin. -->","yoast_head_json":{"title":"The Cricket - Sacinandana Swami","robots":{"index":"index","follow":"follow","max-snippet":"max-snippet:-1","max-image-preview":"max-image-preview:large","max-video-preview":"max-video-preview:-1"},"canonical":"https:\/\/www.sacinandanaswami.com\/de\/spiritual-inspirations\/wisdom-stories\/the-cricket\/","og_locale":"de_DE","og_type":"article","og_title":"The Cricket - Sacinandana Swami","og_description":"Weisheitsgeschichten Die Grille Ein amerikanischer Ureinwohner und sein Freund spazierten w\u00e4hrend der Mittagspause \u00fcber den Times Square im Zentrum von New York. Die Stra\u00dfen waren voll von Menschen. Autos hupten, Taxis quietschten um die Ecken, Sirenen heulten, und der L\u00e4rm der Stadt war fast ohrenbet\u00e4ubend. Pl\u00f6tzlich sagte der Indianer: \u201eIch h\u00f6re eine Grille\u201c. Sein Freund [&hellip;]","og_url":"https:\/\/www.sacinandanaswami.com\/de\/spiritual-inspirations\/wisdom-stories\/the-cricket\/","og_site_name":"Sacinandana Swami","article_modified_time":"2024-10-06T12:02:00+00:00","og_image":[{"url":"https:\/\/www.sacinandanaswami.com\/wp-content\/uploads\/2020\/05\/Zacken-dunkelgrau5.jpg","type":"","width":"","height":""}],"twitter_card":"summary_large_image","twitter_misc":{"Gesch\u00e4tzte Lesezeit":"2\u00a0Minuten"},"schema":{"@context":"https:\/\/schema.org","@graph":[{"@type":"WebPage","@id":"https:\/\/www.sacinandanaswami.com\/de\/spiritual-inspirations\/wisdom-stories\/the-cricket\/","url":"https:\/\/www.sacinandanaswami.com\/de\/spiritual-inspirations\/wisdom-stories\/the-cricket\/","name":"The Cricket - Sacinandana Swami","isPartOf":{"@id":"https:\/\/www.sacinandanaswami.com\/de\/#website"},"primaryImageOfPage":{"@id":"https:\/\/www.sacinandanaswami.com\/de\/spiritual-inspirations\/wisdom-stories\/the-cricket\/#primaryimage"},"image":{"@id":"https:\/\/www.sacinandanaswami.com\/de\/spiritual-inspirations\/wisdom-stories\/the-cricket\/#primaryimage"},"thumbnailUrl":"https:\/\/www.sacinandanaswami.com\/wp-content\/uploads\/2020\/05\/Zacken-dunkelgrau5.jpg","datePublished":"2020-05-23T18:43:50+00:00","dateModified":"2024-10-06T12:02:00+00:00","breadcrumb":{"@id":"https:\/\/www.sacinandanaswami.com\/de\/spiritual-inspirations\/wisdom-stories\/the-cricket\/#breadcrumb"},"inLanguage":"de","potentialAction":[{"@type":"ReadAction","target":["https:\/\/www.sacinandanaswami.com\/de\/spiritual-inspirations\/wisdom-stories\/the-cricket\/"]}]},{"@type":"ImageObject","inLanguage":"de","@id":"https:\/\/www.sacinandanaswami.com\/de\/spiritual-inspirations\/wisdom-stories\/the-cricket\/#primaryimage","url":"https:\/\/www.sacinandanaswami.com\/wp-content\/uploads\/2020\/05\/Zacken-dunkelgrau5.jpg","contentUrl":"https:\/\/www.sacinandanaswami.com\/wp-content\/uploads\/2020\/05\/Zacken-dunkelgrau5.jpg"},{"@type":"BreadcrumbList","@id":"https:\/\/www.sacinandanaswami.com\/de\/spiritual-inspirations\/wisdom-stories\/the-cricket\/#breadcrumb","itemListElement":[{"@type":"ListItem","position":1,"name":"Startseite","item":"https:\/\/www.sacinandanaswami.com\/de\/"},{"@type":"ListItem","position":2,"name":"Spiritual Inspirations","item":"https:\/\/www.sacinandanaswami.com\/de\/spiritual-inspirations\/"},{"@type":"ListItem","position":3,"name":"Wisdom Stories","item":"https:\/\/www.sacinandanaswami.com\/de\/spiritual-inspirations\/wisdom-stories\/"},{"@type":"ListItem","position":4,"name":"The Cricket"}]},{"@type":"WebSite","@id":"https:\/\/www.sacinandanaswami.com\/de\/#website","url":"https:\/\/www.sacinandanaswami.com\/de\/","name":"Sacinandana Swami","description":"","publisher":{"@id":"https:\/\/www.sacinandanaswami.com\/de\/#organization"},"potentialAction":[{"@type":"SearchAction","target":{"@type":"EntryPoint","urlTemplate":"https:\/\/www.sacinandanaswami.com\/de\/?s={search_term_string}"},"query-input":{"@type":"PropertyValueSpecification","valueRequired":true,"valueName":"search_term_string"}}],"inLanguage":"de"},{"@type":"Organization","@id":"https:\/\/www.sacinandanaswami.com\/de\/#organization","name":"Sacinandana Swami","url":"https:\/\/www.sacinandanaswami.com\/de\/","logo":{"@type":"ImageObject","inLanguage":"de","@id":"https:\/\/www.sacinandanaswami.com\/de\/#\/schema\/logo\/image\/","url":"https:\/\/www.sacinandanaswami.com\/wp-content\/uploads\/2022\/06\/SNS_Logo.svg","contentUrl":"https:\/\/www.sacinandanaswami.com\/wp-content\/uploads\/2022\/06\/SNS_Logo.svg","width":585,"height":200,"caption":"Sacinandana Swami"},"image":{"@id":"https:\/\/www.sacinandanaswami.com\/de\/#\/schema\/logo\/image\/"}}]}},"_links":{"self":[{"href":"https:\/\/www.sacinandanaswami.com\/de\/wp-json\/wp\/v2\/pages\/8958","targetHints":{"allow":["GET"]}}],"collection":[{"href":"https:\/\/www.sacinandanaswami.com\/de\/wp-json\/wp\/v2\/pages"}],"about":[{"href":"https:\/\/www.sacinandanaswami.com\/de\/wp-json\/wp\/v2\/types\/page"}],"author":[{"embeddable":true,"href":"https:\/\/www.sacinandanaswami.com\/de\/wp-json\/wp\/v2\/users\/5"}],"replies":[{"embeddable":true,"href":"https:\/\/www.sacinandanaswami.com\/de\/wp-json\/wp\/v2\/comments?post=8958"}],"version-history":[{"count":6,"href":"https:\/\/www.sacinandanaswami.com\/de\/wp-json\/wp\/v2\/pages\/8958\/revisions"}],"predecessor-version":[{"id":14084,"href":"https:\/\/www.sacinandanaswami.com\/de\/wp-json\/wp\/v2\/pages\/8958\/revisions\/14084"}],"up":[{"embeddable":true,"href":"https:\/\/www.sacinandanaswami.com\/de\/wp-json\/wp\/v2\/pages\/2255"}],"wp:attachment":[{"href":"https:\/\/www.sacinandanaswami.com\/de\/wp-json\/wp\/v2\/media?parent=8958"}],"curies":[{"name":"wp","href":"https:\/\/api.w.org\/{rel}","templated":true}]}}