{"id":8960,"date":"2020-05-23T20:44:34","date_gmt":"2020-05-23T18:44:34","guid":{"rendered":"https:\/\/www.sacinandanaswami.com\/?page_id=8960"},"modified":"2024-10-06T09:40:24","modified_gmt":"2024-10-06T07:40:24","slug":"go-on-without-fear","status":"publish","type":"page","link":"https:\/\/www.sacinandanaswami.com\/de\/spiritual-inspirations\/wisdom-stories\/go-on-without-fear\/","title":{"rendered":"Go on Without Fear"},"content":{"rendered":"\t\t<div data-elementor-type=\"wp-page\" data-elementor-id=\"8960\" class=\"elementor elementor-8960\" data-elementor-post-type=\"page\">\n\t\t\t\t\t\t<section class=\"elementor-section elementor-top-section elementor-element elementor-element-cbac11a elementor-section-boxed elementor-section-height-default elementor-section-height-default\" data-id=\"cbac11a\" data-element_type=\"section\" data-e-type=\"section\" data-settings=\"{&quot;background_background&quot;:&quot;classic&quot;}\">\n\t\t\t\t\t\t<div class=\"elementor-container elementor-column-gap-default\">\n\t\t\t\t\t<div class=\"elementor-column elementor-col-100 elementor-top-column elementor-element elementor-element-d2930e3\" data-id=\"d2930e3\" data-element_type=\"column\" data-e-type=\"column\">\n\t\t\t<div class=\"elementor-widget-wrap elementor-element-populated\">\n\t\t\t\t\t\t<div class=\"elementor-element elementor-element-18d3dd4 elementor-widget elementor-widget-spacer\" data-id=\"18d3dd4\" data-element_type=\"widget\" data-e-type=\"widget\" data-widget_type=\"spacer.default\">\n\t\t\t\t<div class=\"elementor-widget-container\">\n\t\t\t\t\t\t\t<div class=\"elementor-spacer\">\n\t\t\t<div class=\"elementor-spacer-inner\"><\/div>\n\t\t<\/div>\n\t\t\t\t\t\t<\/div>\n\t\t\t\t<\/div>\n\t\t\t\t\t<\/div>\n\t\t<\/div>\n\t\t\t\t\t<\/div>\n\t\t<\/section>\n\t\t\t\t<section class=\"elementor-section elementor-top-section elementor-element elementor-element-68bd3e95 elementor-section-boxed elementor-section-height-default elementor-section-height-default\" data-id=\"68bd3e95\" data-element_type=\"section\" data-e-type=\"section\" data-settings=\"{&quot;background_background&quot;:&quot;classic&quot;}\">\n\t\t\t\t\t\t<div class=\"elementor-container elementor-column-gap-default\">\n\t\t\t\t\t<div class=\"elementor-column elementor-col-100 elementor-top-column elementor-element elementor-element-30c8ce58\" data-id=\"30c8ce58\" data-element_type=\"column\" data-e-type=\"column\" data-settings=\"{&quot;background_background&quot;:&quot;classic&quot;}\">\n\t\t\t<div class=\"elementor-widget-wrap elementor-element-populated\">\n\t\t\t\t\t\t<div class=\"elementor-element elementor-element-54940750 elementor-widget elementor-widget-heading\" data-id=\"54940750\" data-element_type=\"widget\" data-e-type=\"widget\" data-widget_type=\"heading.default\">\n\t\t\t\t<div class=\"elementor-widget-container\">\n\t\t\t\t\t<div class=\"elementor-heading-title elementor-size-large\">Weisheitsgeschichten<\/div>\t\t\t\t<\/div>\n\t\t\t\t<\/div>\n\t\t\t\t\t<\/div>\n\t\t<\/div>\n\t\t\t\t\t<\/div>\n\t\t<\/section>\n\t\t\t\t<section class=\"elementor-section elementor-top-section elementor-element elementor-element-2fd660e0 elementor-section-boxed elementor-section-height-default elementor-section-height-default\" data-id=\"2fd660e0\" data-element_type=\"section\" data-e-type=\"section\" data-settings=\"{&quot;background_background&quot;:&quot;classic&quot;}\">\n\t\t\t\t\t\t<div class=\"elementor-container elementor-column-gap-default\">\n\t\t\t\t\t<div class=\"elementor-column elementor-col-100 elementor-top-column elementor-element elementor-element-546032ab\" data-id=\"546032ab\" data-element_type=\"column\" data-e-type=\"column\" data-settings=\"{&quot;background_background&quot;:&quot;classic&quot;}\">\n\t\t\t<div class=\"elementor-widget-wrap elementor-element-populated\">\n\t\t\t\t\t\t<div class=\"elementor-element elementor-element-2cec4825 elementor-widget__width-initial elementor-absolute elementor-widget elementor-widget-image\" data-id=\"2cec4825\" data-element_type=\"widget\" data-e-type=\"widget\" data-settings=\"{&quot;_position&quot;:&quot;absolute&quot;}\" data-widget_type=\"image.default\">\n\t\t\t\t<div class=\"elementor-widget-container\">\n\t\t\t\t\t\t\t\t\t\t\t\t\t\t\t<img decoding=\"async\" src=\"https:\/\/www.sacinandanaswami.com\/wp-content\/uploads\/2020\/05\/Zacken-dunkelgrau5.jpg\" title=\"Zacken dunkelgrau5\" alt=\"Zacken dunkelgrau5\" loading=\"lazy\" \/>\t\t\t\t\t\t\t\t\t\t\t\t\t\t\t<\/div>\n\t\t\t\t<\/div>\n\t\t\t\t\t<\/div>\n\t\t<\/div>\n\t\t\t\t\t<\/div>\n\t\t<\/section>\n\t\t\t\t<section class=\"elementor-section elementor-top-section elementor-element elementor-element-61dee90 elementor-section-boxed elementor-section-height-default elementor-section-height-default\" data-id=\"61dee90\" data-element_type=\"section\" data-e-type=\"section\" data-settings=\"{&quot;background_background&quot;:&quot;classic&quot;}\">\n\t\t\t\t\t\t<div class=\"elementor-container elementor-column-gap-default\">\n\t\t\t\t\t<div class=\"elementor-column elementor-col-100 elementor-top-column elementor-element elementor-element-c5c347b\" data-id=\"c5c347b\" data-element_type=\"column\" data-e-type=\"column\" data-settings=\"{&quot;background_background&quot;:&quot;classic&quot;}\">\n\t\t\t<div class=\"elementor-widget-wrap elementor-element-populated\">\n\t\t\t\t\t\t<div class=\"elementor-element elementor-element-78ff39d elementor-widget elementor-widget-image\" data-id=\"78ff39d\" data-element_type=\"widget\" data-e-type=\"widget\" data-widget_type=\"image.default\">\n\t\t\t\t<div class=\"elementor-widget-container\">\n\t\t\t\t\t\t\t\t\t\t\t\t\t\t\t<img fetchpriority=\"high\" decoding=\"async\" width=\"1000\" height=\"600\" src=\"https:\/\/www.sacinandanaswami.com\/wp-content\/uploads\/2020\/05\/wave-1913559.jpg\" class=\"attachment-large size-large wp-image-9002\" alt=\"\" srcset=\"https:\/\/www.sacinandanaswami.com\/wp-content\/uploads\/2020\/05\/wave-1913559.jpg 1000w, https:\/\/www.sacinandanaswami.com\/wp-content\/uploads\/2020\/05\/wave-1913559-600x360.jpg 600w, https:\/\/www.sacinandanaswami.com\/wp-content\/uploads\/2020\/05\/wave-1913559-300x180.jpg 300w, https:\/\/www.sacinandanaswami.com\/wp-content\/uploads\/2020\/05\/wave-1913559-768x461.jpg 768w\" sizes=\"(max-width: 1000px) 100vw, 1000px\" \/>\t\t\t\t\t\t\t\t\t\t\t\t\t\t\t<\/div>\n\t\t\t\t<\/div>\n\t\t\t\t<div class=\"elementor-element elementor-element-c7e6f21 elementor-widget elementor-widget-heading\" data-id=\"c7e6f21\" data-element_type=\"widget\" data-e-type=\"widget\" data-widget_type=\"heading.default\">\n\t\t\t\t<div class=\"elementor-widget-container\">\n\t\t\t\t\t<h2 class=\"elementor-heading-title elementor-size-default\">Go on Without Fear<\/h2>\t\t\t\t<\/div>\n\t\t\t\t<\/div>\n\t\t\t\t<div class=\"elementor-element elementor-element-ad50cfb elementor-widget elementor-widget-text-editor\" data-id=\"ad50cfb\" data-element_type=\"widget\" data-e-type=\"widget\" data-widget_type=\"text-editor.default\">\n\t\t\t\t<div class=\"elementor-widget-container\">\n\t\t\t\t\t\t\t\t\t<p class=\"p1\"><b>Vor zwei Jahren kletterte ich in Australien auf eine hohe Klippe.<\/b> Der Wind wehte so stark, dass ich mich an einem alten Eisengel\u00e4nder festhalten musste. Das Meer donnerte auf die schwarzen Felsen direkt unter mir. Es war faszinierend zu beobachten, wie eine Welle nach der anderen an die Klippenwand schlug. Obwohl ich mich hoch \u00fcber dem Meer befand, fiel das Salzwasser oft in einer schweren Gischt \u00fcber mich her. Aber das war mir egal. Die Elemente tobten, und die M\u00f6wen, die den Sturm genossen, lie\u00dfen sich zu akrobatischen Flugman\u00f6vern um mich herum inspirieren.<\/p><p class=\"p1\">Was mich betrifft, so sang ich wilde Melodien und stimmte in das Orchester der Natur ein, um meinen Herrn zu verherrlichen. Es war ein magischer Moment, denn er erinnerte mich an meine gl\u00fcckliche Kindheit, als ich auf einer Ostseeinsel aufwuchs.<\/p><p class=\"p1\">Ich hatte immer den Wunsch, \u00fcber diesen Moment zu schreiben, aber mir fehlten die richtigen Worte, um das, was ich f\u00fchlte, mitzuteilen. Erst vor einer Woche schickte mir ein Freund eine kleine Geschichte \u00fcber eine \u201e<i>erleuchtete Welle<\/i>\u201c. Diese Geschichte hat mich dazu inspiriert, meine australische Erfahrung mit euch zu teilen.<\/p><p class=\"p1\"><b>Hier ist, was ich in diesem magischen Moment f\u00fchlte:<\/b><\/p><p class=\"p1\">Es war einmal eine kleine Welle,<br \/>Von der Sonne in freudiges Glitzern gekleidet<\/p><p class=\"p1\">Als sie fr\u00f6hlich weiter und weiter tanzte,<br \/>Sah sie pl\u00f6tzlich eine be\u00e4ngstigende Szene:<br \/>Ein Sturm begann sich zusammenzubrauen,<br \/>Und eine Welle nach der anderen st\u00fcrzte auf die felsige Klippe vor ihr.<\/p><p class=\"p1\">Zuerst schienen sie zu versuchen, hoch zu springen, um zu entkommen,<br \/>Doch dann verwandelten sie sich unweigerlich und hilflos<br \/>In wei\u00dfen Schaum und verwelkten vor Schmerz.<\/p><p class=\"p1\">Sollte sie versuchen, umzudrehen<br \/>Und auf das offene Meer hinauszufliehen?<\/p><p class=\"p1\">Pl\u00f6tzlich schien sich das ganze Meer, das einst so freundlich war,<br \/>Gegen sie verschworen zu haben<br \/>Und stie\u00df sie gewaltsam in das wei\u00dfe Chaos.<\/p><p class=\"p1\">Sie schrie um Hilfe, wie sie noch nie zuvor geschrien hatte,<br \/>Bis eine andere, gr\u00f6\u00dfere Welle vorbeizog:<br \/>\u201e<i>Was ist los, Schwesterwelle?<\/i>\u201c, rief sie.<\/p><p class=\"p1\">\u201e<i>Sieh nach vorne, wir sind dem Tod geweiht, <br \/><\/i><i>Genau wie die Menschen, die Schiffbruch erlitten haben.<\/i>\u201c<\/p><p class=\"p1\">\u201e<i>Du irrst dich<\/i>\u201c, l\u00e4chelte die gr\u00f6\u00dfere Welle.<br \/>\u201e<i>Verstehst du denn nicht &#8211; du bist keine Welle,<br \/><\/i><i>Sondern immer und ewig ein Teil des Ozeans!<\/i>\u201c<\/p><p class=\"p1\">Und dann wurde die kleine Welle nachdenklich:<br \/>Alle, Wellen wie Menschen, werden niemals sterben,<br \/>Sondern bleiben Teil des Einen, der sich niemals ver\u00e4ndert,<br \/>Auch wenn ihre Formen viele Male ausgetauscht werden.<\/p><p class=\"p1\">Darum gehe ohne Furcht vorran!<\/p>\t\t\t\t\t\t\t\t<\/div>\n\t\t\t\t<\/div>\n\t\t\t\t\t<\/div>\n\t\t<\/div>\n\t\t\t\t\t<\/div>\n\t\t<\/section>\n\t\t\t\t<section class=\"elementor-section elementor-top-section elementor-element elementor-element-9bc79a0 elementor-section-boxed elementor-section-height-default elementor-section-height-default\" data-id=\"9bc79a0\" data-element_type=\"section\" data-e-type=\"section\" data-settings=\"{&quot;background_background&quot;:&quot;classic&quot;}\">\n\t\t\t\t\t\t<div class=\"elementor-container elementor-column-gap-default\">\n\t\t\t\t\t<div class=\"elementor-column elementor-col-100 elementor-top-column elementor-element elementor-element-dc3bf72\" data-id=\"dc3bf72\" data-element_type=\"column\" data-e-type=\"column\" data-settings=\"{&quot;background_background&quot;:&quot;classic&quot;}\">\n\t\t\t<div class=\"elementor-widget-wrap elementor-element-populated\">\n\t\t\t\t\t\t<div class=\"elementor-element elementor-element-4061824 elementor-widget elementor-widget-spacer\" data-id=\"4061824\" data-element_type=\"widget\" data-e-type=\"widget\" data-widget_type=\"spacer.default\">\n\t\t\t\t<div class=\"elementor-widget-container\">\n\t\t\t\t\t\t\t<div class=\"elementor-spacer\">\n\t\t\t<div class=\"elementor-spacer-inner\"><\/div>\n\t\t<\/div>\n\t\t\t\t\t\t<\/div>\n\t\t\t\t<\/div>\n\t\t\t\t<div class=\"elementor-element elementor-element-dc7b174 elementor-widget elementor-widget-heading\" data-id=\"dc7b174\" data-element_type=\"widget\" data-e-type=\"widget\" data-widget_type=\"heading.default\">\n\t\t\t\t<div class=\"elementor-widget-container\">\n\t\t\t\t\t<h2 class=\"elementor-heading-title elementor-size-default\">Mehr Weisheitsgeschichten\u200b<\/h2>\t\t\t\t<\/div>\n\t\t\t\t<\/div>\n\t\t\t\t\t<\/div>\n\t\t<\/div>\n\t\t\t\t\t<\/div>\n\t\t<\/section>\n\t\t\t\t<section class=\"elementor-section elementor-top-section elementor-element elementor-element-c073da8 elementor-section-boxed elementor-section-height-default elementor-section-height-default\" data-id=\"c073da8\" data-element_type=\"section\" data-e-type=\"section\" data-settings=\"{&quot;background_background&quot;:&quot;classic&quot;}\">\n\t\t\t\t\t\t<div class=\"elementor-container elementor-column-gap-default\">\n\t\t\t\t\t<div class=\"elementor-column elementor-col-100 elementor-top-column elementor-element elementor-element-6357446\" data-id=\"6357446\" data-element_type=\"column\" data-e-type=\"column\">\n\t\t\t<div class=\"elementor-widget-wrap elementor-element-populated\">\n\t\t\t\t\t\t<div class=\"elementor-element elementor-element-6432d74 elementor-widget elementor-widget-spacer\" data-id=\"6432d74\" data-element_type=\"widget\" data-e-type=\"widget\" data-widget_type=\"spacer.default\">\n\t\t\t\t<div class=\"elementor-widget-container\">\n\t\t\t\t\t\t\t<div class=\"elementor-spacer\">\n\t\t\t<div class=\"elementor-spacer-inner\"><\/div>\n\t\t<\/div>\n\t\t\t\t\t\t<\/div>\n\t\t\t\t<\/div>\n\t\t\t\t\t<\/div>\n\t\t<\/div>\n\t\t\t\t\t<\/div>\n\t\t<\/section>\n\t\t\t\t<\/div>\n\t\t","protected":false},"excerpt":{"rendered":"<p>Weisheitsgeschichten Go on Without Fear Vor zwei Jahren kletterte ich in Australien auf eine hohe Klippe. Der Wind wehte so stark, dass ich mich an einem alten Eisengel\u00e4nder festhalten musste. Das Meer donnerte auf die schwarzen Felsen direkt unter mir. Es war faszinierend zu beobachten, wie eine Welle nach der anderen an die Klippenwand schlug. [&hellip;]<\/p>\n","protected":false},"author":5,"featured_media":0,"parent":2255,"menu_order":0,"comment_status":"closed","ping_status":"closed","template":"","meta":{"site-sidebar-layout":"no-sidebar","site-content-layout":"page-builder","ast-site-content-layout":"default","site-content-style":"default","site-sidebar-style":"default","ast-global-header-display":"","ast-banner-title-visibility":"","ast-main-header-display":"","ast-hfb-above-header-display":"","ast-hfb-below-header-display":"","ast-hfb-mobile-header-display":"","site-post-title":"disabled","ast-breadcrumbs-content":"","ast-featured-img":"disabled","footer-sml-layout":"","ast-disable-related-posts":"","theme-transparent-header-meta":"default","adv-header-id-meta":"","stick-header-meta":"","header-above-stick-meta":"","header-main-stick-meta":"","header-below-stick-meta":"","astra-migrate-meta-layouts":"default","ast-page-background-enabled":"default","ast-page-background-meta":{"desktop":{"background-color":"","background-image":"","background-repeat":"repeat","background-position":"center center","background-size":"auto","background-attachment":"scroll","background-type":"","background-media":"","overlay-type":"","overlay-color":"","overlay-opacity":"","overlay-gradient":""},"tablet":{"background-color":"","background-image":"","background-repeat":"repeat","background-position":"center center","background-size":"auto","background-attachment":"scroll","background-type":"","background-media":"","overlay-type":"","overlay-color":"","overlay-opacity":"","overlay-gradient":""},"mobile":{"background-color":"","background-image":"","background-repeat":"repeat","background-position":"center center","background-size":"auto","background-attachment":"scroll","background-type":"","background-media":"","overlay-type":"","overlay-color":"","overlay-opacity":"","overlay-gradient":""}},"ast-content-background-meta":{"desktop":{"background-color":"var(--ast-global-color-5)","background-image":"","background-repeat":"repeat","background-position":"center center","background-size":"auto","background-attachment":"scroll","background-type":"","background-media":"","overlay-type":"","overlay-color":"","overlay-opacity":"","overlay-gradient":""},"tablet":{"background-color":"var(--ast-global-color-5)","background-image":"","background-repeat":"repeat","background-position":"center center","background-size":"auto","background-attachment":"scroll","background-type":"","background-media":"","overlay-type":"","overlay-color":"","overlay-opacity":"","overlay-gradient":""},"mobile":{"background-color":"var(--ast-global-color-5)","background-image":"","background-repeat":"repeat","background-position":"center center","background-size":"auto","background-attachment":"scroll","background-type":"","background-media":"","overlay-type":"","overlay-color":"","overlay-opacity":"","overlay-gradient":""}},"footnotes":""},"class_list":["post-8960","page","type-page","status-publish","hentry"],"yoast_head":"<!-- This site is optimized with the Yoast SEO plugin v27.1.1 - https:\/\/yoast.com\/product\/yoast-seo-wordpress\/ -->\n<title>Go on Without Fear - Sacinandana Swami<\/title>\n<meta name=\"robots\" content=\"index, follow, max-snippet:-1, max-image-preview:large, max-video-preview:-1\" \/>\n<link rel=\"canonical\" href=\"https:\/\/www.sacinandanaswami.com\/de\/spiritual-inspirations\/wisdom-stories\/go-on-without-fear\/\" \/>\n<meta property=\"og:locale\" content=\"de_DE\" \/>\n<meta property=\"og:type\" content=\"article\" \/>\n<meta property=\"og:title\" content=\"Go on Without Fear - Sacinandana Swami\" \/>\n<meta property=\"og:description\" content=\"Weisheitsgeschichten Go on Without Fear Vor zwei Jahren kletterte ich in Australien auf eine hohe Klippe. Der Wind wehte so stark, dass ich mich an einem alten Eisengel\u00e4nder festhalten musste. Das Meer donnerte auf die schwarzen Felsen direkt unter mir. Es war faszinierend zu beobachten, wie eine Welle nach der anderen an die Klippenwand schlug. [&hellip;]\" \/>\n<meta property=\"og:url\" content=\"https:\/\/www.sacinandanaswami.com\/de\/spiritual-inspirations\/wisdom-stories\/go-on-without-fear\/\" \/>\n<meta property=\"og:site_name\" content=\"Sacinandana Swami\" \/>\n<meta property=\"article:modified_time\" content=\"2024-10-06T07:40:24+00:00\" \/>\n<meta property=\"og:image\" content=\"https:\/\/www.sacinandanaswami.com\/wp-content\/uploads\/2020\/05\/Zacken-dunkelgrau5.jpg\" \/>\n<meta name=\"twitter:card\" content=\"summary_large_image\" \/>\n<meta name=\"twitter:label1\" content=\"Gesch\u00e4tzte Lesezeit\" \/>\n\t<meta name=\"twitter:data1\" content=\"3\u00a0Minuten\" \/>\n<script type=\"application\/ld+json\" class=\"yoast-schema-graph\">{\"@context\":\"https:\/\/schema.org\",\"@graph\":[{\"@type\":\"WebPage\",\"@id\":\"https:\/\/www.sacinandanaswami.com\/de\/spiritual-inspirations\/wisdom-stories\/go-on-without-fear\/\",\"url\":\"https:\/\/www.sacinandanaswami.com\/de\/spiritual-inspirations\/wisdom-stories\/go-on-without-fear\/\",\"name\":\"Go on Without Fear - Sacinandana Swami\",\"isPartOf\":{\"@id\":\"https:\/\/www.sacinandanaswami.com\/de\/#website\"},\"primaryImageOfPage\":{\"@id\":\"https:\/\/www.sacinandanaswami.com\/de\/spiritual-inspirations\/wisdom-stories\/go-on-without-fear\/#primaryimage\"},\"image\":{\"@id\":\"https:\/\/www.sacinandanaswami.com\/de\/spiritual-inspirations\/wisdom-stories\/go-on-without-fear\/#primaryimage\"},\"thumbnailUrl\":\"https:\/\/www.sacinandanaswami.com\/wp-content\/uploads\/2020\/05\/Zacken-dunkelgrau5.jpg\",\"datePublished\":\"2020-05-23T18:44:34+00:00\",\"dateModified\":\"2024-10-06T07:40:24+00:00\",\"breadcrumb\":{\"@id\":\"https:\/\/www.sacinandanaswami.com\/de\/spiritual-inspirations\/wisdom-stories\/go-on-without-fear\/#breadcrumb\"},\"inLanguage\":\"de\",\"potentialAction\":[{\"@type\":\"ReadAction\",\"target\":[\"https:\/\/www.sacinandanaswami.com\/de\/spiritual-inspirations\/wisdom-stories\/go-on-without-fear\/\"]}]},{\"@type\":\"ImageObject\",\"inLanguage\":\"de\",\"@id\":\"https:\/\/www.sacinandanaswami.com\/de\/spiritual-inspirations\/wisdom-stories\/go-on-without-fear\/#primaryimage\",\"url\":\"https:\/\/www.sacinandanaswami.com\/wp-content\/uploads\/2020\/05\/Zacken-dunkelgrau5.jpg\",\"contentUrl\":\"https:\/\/www.sacinandanaswami.com\/wp-content\/uploads\/2020\/05\/Zacken-dunkelgrau5.jpg\"},{\"@type\":\"BreadcrumbList\",\"@id\":\"https:\/\/www.sacinandanaswami.com\/de\/spiritual-inspirations\/wisdom-stories\/go-on-without-fear\/#breadcrumb\",\"itemListElement\":[{\"@type\":\"ListItem\",\"position\":1,\"name\":\"Startseite\",\"item\":\"https:\/\/www.sacinandanaswami.com\/de\/\"},{\"@type\":\"ListItem\",\"position\":2,\"name\":\"Spiritual Inspirations\",\"item\":\"https:\/\/www.sacinandanaswami.com\/de\/spiritual-inspirations\/\"},{\"@type\":\"ListItem\",\"position\":3,\"name\":\"Wisdom Stories\",\"item\":\"https:\/\/www.sacinandanaswami.com\/de\/spiritual-inspirations\/wisdom-stories\/\"},{\"@type\":\"ListItem\",\"position\":4,\"name\":\"Go on Without Fear\"}]},{\"@type\":\"WebSite\",\"@id\":\"https:\/\/www.sacinandanaswami.com\/de\/#website\",\"url\":\"https:\/\/www.sacinandanaswami.com\/de\/\",\"name\":\"Sacinandana Swami\",\"description\":\"\",\"publisher\":{\"@id\":\"https:\/\/www.sacinandanaswami.com\/de\/#organization\"},\"potentialAction\":[{\"@type\":\"SearchAction\",\"target\":{\"@type\":\"EntryPoint\",\"urlTemplate\":\"https:\/\/www.sacinandanaswami.com\/de\/?s={search_term_string}\"},\"query-input\":{\"@type\":\"PropertyValueSpecification\",\"valueRequired\":true,\"valueName\":\"search_term_string\"}}],\"inLanguage\":\"de\"},{\"@type\":\"Organization\",\"@id\":\"https:\/\/www.sacinandanaswami.com\/de\/#organization\",\"name\":\"Sacinandana Swami\",\"url\":\"https:\/\/www.sacinandanaswami.com\/de\/\",\"logo\":{\"@type\":\"ImageObject\",\"inLanguage\":\"de\",\"@id\":\"https:\/\/www.sacinandanaswami.com\/de\/#\/schema\/logo\/image\/\",\"url\":\"https:\/\/www.sacinandanaswami.com\/wp-content\/uploads\/2022\/06\/SNS_Logo.svg\",\"contentUrl\":\"https:\/\/www.sacinandanaswami.com\/wp-content\/uploads\/2022\/06\/SNS_Logo.svg\",\"width\":585,\"height\":200,\"caption\":\"Sacinandana Swami\"},\"image\":{\"@id\":\"https:\/\/www.sacinandanaswami.com\/de\/#\/schema\/logo\/image\/\"}}]}<\/script>\n<!-- \/ Yoast SEO plugin. -->","yoast_head_json":{"title":"Go on Without Fear - Sacinandana Swami","robots":{"index":"index","follow":"follow","max-snippet":"max-snippet:-1","max-image-preview":"max-image-preview:large","max-video-preview":"max-video-preview:-1"},"canonical":"https:\/\/www.sacinandanaswami.com\/de\/spiritual-inspirations\/wisdom-stories\/go-on-without-fear\/","og_locale":"de_DE","og_type":"article","og_title":"Go on Without Fear - Sacinandana Swami","og_description":"Weisheitsgeschichten Go on Without Fear Vor zwei Jahren kletterte ich in Australien auf eine hohe Klippe. Der Wind wehte so stark, dass ich mich an einem alten Eisengel\u00e4nder festhalten musste. Das Meer donnerte auf die schwarzen Felsen direkt unter mir. Es war faszinierend zu beobachten, wie eine Welle nach der anderen an die Klippenwand schlug. [&hellip;]","og_url":"https:\/\/www.sacinandanaswami.com\/de\/spiritual-inspirations\/wisdom-stories\/go-on-without-fear\/","og_site_name":"Sacinandana Swami","article_modified_time":"2024-10-06T07:40:24+00:00","og_image":[{"url":"https:\/\/www.sacinandanaswami.com\/wp-content\/uploads\/2020\/05\/Zacken-dunkelgrau5.jpg","type":"","width":"","height":""}],"twitter_card":"summary_large_image","twitter_misc":{"Gesch\u00e4tzte Lesezeit":"3\u00a0Minuten"},"schema":{"@context":"https:\/\/schema.org","@graph":[{"@type":"WebPage","@id":"https:\/\/www.sacinandanaswami.com\/de\/spiritual-inspirations\/wisdom-stories\/go-on-without-fear\/","url":"https:\/\/www.sacinandanaswami.com\/de\/spiritual-inspirations\/wisdom-stories\/go-on-without-fear\/","name":"Go on Without Fear - Sacinandana Swami","isPartOf":{"@id":"https:\/\/www.sacinandanaswami.com\/de\/#website"},"primaryImageOfPage":{"@id":"https:\/\/www.sacinandanaswami.com\/de\/spiritual-inspirations\/wisdom-stories\/go-on-without-fear\/#primaryimage"},"image":{"@id":"https:\/\/www.sacinandanaswami.com\/de\/spiritual-inspirations\/wisdom-stories\/go-on-without-fear\/#primaryimage"},"thumbnailUrl":"https:\/\/www.sacinandanaswami.com\/wp-content\/uploads\/2020\/05\/Zacken-dunkelgrau5.jpg","datePublished":"2020-05-23T18:44:34+00:00","dateModified":"2024-10-06T07:40:24+00:00","breadcrumb":{"@id":"https:\/\/www.sacinandanaswami.com\/de\/spiritual-inspirations\/wisdom-stories\/go-on-without-fear\/#breadcrumb"},"inLanguage":"de","potentialAction":[{"@type":"ReadAction","target":["https:\/\/www.sacinandanaswami.com\/de\/spiritual-inspirations\/wisdom-stories\/go-on-without-fear\/"]}]},{"@type":"ImageObject","inLanguage":"de","@id":"https:\/\/www.sacinandanaswami.com\/de\/spiritual-inspirations\/wisdom-stories\/go-on-without-fear\/#primaryimage","url":"https:\/\/www.sacinandanaswami.com\/wp-content\/uploads\/2020\/05\/Zacken-dunkelgrau5.jpg","contentUrl":"https:\/\/www.sacinandanaswami.com\/wp-content\/uploads\/2020\/05\/Zacken-dunkelgrau5.jpg"},{"@type":"BreadcrumbList","@id":"https:\/\/www.sacinandanaswami.com\/de\/spiritual-inspirations\/wisdom-stories\/go-on-without-fear\/#breadcrumb","itemListElement":[{"@type":"ListItem","position":1,"name":"Startseite","item":"https:\/\/www.sacinandanaswami.com\/de\/"},{"@type":"ListItem","position":2,"name":"Spiritual Inspirations","item":"https:\/\/www.sacinandanaswami.com\/de\/spiritual-inspirations\/"},{"@type":"ListItem","position":3,"name":"Wisdom Stories","item":"https:\/\/www.sacinandanaswami.com\/de\/spiritual-inspirations\/wisdom-stories\/"},{"@type":"ListItem","position":4,"name":"Go on Without Fear"}]},{"@type":"WebSite","@id":"https:\/\/www.sacinandanaswami.com\/de\/#website","url":"https:\/\/www.sacinandanaswami.com\/de\/","name":"Sacinandana Swami","description":"","publisher":{"@id":"https:\/\/www.sacinandanaswami.com\/de\/#organization"},"potentialAction":[{"@type":"SearchAction","target":{"@type":"EntryPoint","urlTemplate":"https:\/\/www.sacinandanaswami.com\/de\/?s={search_term_string}"},"query-input":{"@type":"PropertyValueSpecification","valueRequired":true,"valueName":"search_term_string"}}],"inLanguage":"de"},{"@type":"Organization","@id":"https:\/\/www.sacinandanaswami.com\/de\/#organization","name":"Sacinandana Swami","url":"https:\/\/www.sacinandanaswami.com\/de\/","logo":{"@type":"ImageObject","inLanguage":"de","@id":"https:\/\/www.sacinandanaswami.com\/de\/#\/schema\/logo\/image\/","url":"https:\/\/www.sacinandanaswami.com\/wp-content\/uploads\/2022\/06\/SNS_Logo.svg","contentUrl":"https:\/\/www.sacinandanaswami.com\/wp-content\/uploads\/2022\/06\/SNS_Logo.svg","width":585,"height":200,"caption":"Sacinandana Swami"},"image":{"@id":"https:\/\/www.sacinandanaswami.com\/de\/#\/schema\/logo\/image\/"}}]}},"_links":{"self":[{"href":"https:\/\/www.sacinandanaswami.com\/de\/wp-json\/wp\/v2\/pages\/8960","targetHints":{"allow":["GET"]}}],"collection":[{"href":"https:\/\/www.sacinandanaswami.com\/de\/wp-json\/wp\/v2\/pages"}],"about":[{"href":"https:\/\/www.sacinandanaswami.com\/de\/wp-json\/wp\/v2\/types\/page"}],"author":[{"embeddable":true,"href":"https:\/\/www.sacinandanaswami.com\/de\/wp-json\/wp\/v2\/users\/5"}],"replies":[{"embeddable":true,"href":"https:\/\/www.sacinandanaswami.com\/de\/wp-json\/wp\/v2\/comments?post=8960"}],"version-history":[{"count":6,"href":"https:\/\/www.sacinandanaswami.com\/de\/wp-json\/wp\/v2\/pages\/8960\/revisions"}],"predecessor-version":[{"id":14037,"href":"https:\/\/www.sacinandanaswami.com\/de\/wp-json\/wp\/v2\/pages\/8960\/revisions\/14037"}],"up":[{"embeddable":true,"href":"https:\/\/www.sacinandanaswami.com\/de\/wp-json\/wp\/v2\/pages\/2255"}],"wp:attachment":[{"href":"https:\/\/www.sacinandanaswami.com\/de\/wp-json\/wp\/v2\/media?parent=8960"}],"curies":[{"name":"wp","href":"https:\/\/api.w.org\/{rel}","templated":true}]}}