{"id":8962,"date":"2020-05-23T20:45:15","date_gmt":"2020-05-23T18:45:15","guid":{"rendered":"https:\/\/www.sacinandanaswami.com\/?page_id=8962"},"modified":"2024-10-06T13:54:07","modified_gmt":"2024-10-06T11:54:07","slug":"the-cracked-water-pot","status":"publish","type":"page","link":"https:\/\/www.sacinandanaswami.com\/de\/spiritual-inspirations\/wisdom-stories\/the-cracked-water-pot\/","title":{"rendered":"The Cracked Water Pot"},"content":{"rendered":"\t\t<div data-elementor-type=\"wp-page\" data-elementor-id=\"8962\" class=\"elementor elementor-8962\" data-elementor-post-type=\"page\">\n\t\t\t\t\t\t<section class=\"elementor-section elementor-top-section elementor-element elementor-element-cbac11a elementor-section-boxed elementor-section-height-default elementor-section-height-default\" data-id=\"cbac11a\" data-element_type=\"section\" data-e-type=\"section\" data-settings=\"{&quot;background_background&quot;:&quot;classic&quot;}\">\n\t\t\t\t\t\t<div class=\"elementor-container elementor-column-gap-default\">\n\t\t\t\t\t<div class=\"elementor-column elementor-col-100 elementor-top-column elementor-element elementor-element-d2930e3\" data-id=\"d2930e3\" data-element_type=\"column\" data-e-type=\"column\">\n\t\t\t<div class=\"elementor-widget-wrap elementor-element-populated\">\n\t\t\t\t\t\t<div class=\"elementor-element elementor-element-18d3dd4 elementor-widget elementor-widget-spacer\" data-id=\"18d3dd4\" data-element_type=\"widget\" data-e-type=\"widget\" data-widget_type=\"spacer.default\">\n\t\t\t\t<div class=\"elementor-widget-container\">\n\t\t\t\t\t\t\t<div class=\"elementor-spacer\">\n\t\t\t<div class=\"elementor-spacer-inner\"><\/div>\n\t\t<\/div>\n\t\t\t\t\t\t<\/div>\n\t\t\t\t<\/div>\n\t\t\t\t\t<\/div>\n\t\t<\/div>\n\t\t\t\t\t<\/div>\n\t\t<\/section>\n\t\t\t\t<section class=\"elementor-section elementor-top-section elementor-element elementor-element-68bd3e95 elementor-section-boxed elementor-section-height-default elementor-section-height-default\" data-id=\"68bd3e95\" data-element_type=\"section\" data-e-type=\"section\" data-settings=\"{&quot;background_background&quot;:&quot;classic&quot;}\">\n\t\t\t\t\t\t<div class=\"elementor-container elementor-column-gap-default\">\n\t\t\t\t\t<div class=\"elementor-column elementor-col-100 elementor-top-column elementor-element elementor-element-30c8ce58\" data-id=\"30c8ce58\" data-element_type=\"column\" data-e-type=\"column\" data-settings=\"{&quot;background_background&quot;:&quot;classic&quot;}\">\n\t\t\t<div class=\"elementor-widget-wrap elementor-element-populated\">\n\t\t\t\t\t\t<div class=\"elementor-element elementor-element-54940750 elementor-widget elementor-widget-heading\" data-id=\"54940750\" data-element_type=\"widget\" data-e-type=\"widget\" data-widget_type=\"heading.default\">\n\t\t\t\t<div class=\"elementor-widget-container\">\n\t\t\t\t\t<div class=\"elementor-heading-title elementor-size-large\">Weisheitsgeschichten<\/div>\t\t\t\t<\/div>\n\t\t\t\t<\/div>\n\t\t\t\t\t<\/div>\n\t\t<\/div>\n\t\t\t\t\t<\/div>\n\t\t<\/section>\n\t\t\t\t<section class=\"elementor-section elementor-top-section elementor-element elementor-element-2fd660e0 elementor-section-boxed elementor-section-height-default elementor-section-height-default\" data-id=\"2fd660e0\" data-element_type=\"section\" data-e-type=\"section\" data-settings=\"{&quot;background_background&quot;:&quot;classic&quot;}\">\n\t\t\t\t\t\t<div class=\"elementor-container elementor-column-gap-default\">\n\t\t\t\t\t<div class=\"elementor-column elementor-col-100 elementor-top-column elementor-element elementor-element-546032ab\" data-id=\"546032ab\" data-element_type=\"column\" data-e-type=\"column\" data-settings=\"{&quot;background_background&quot;:&quot;classic&quot;}\">\n\t\t\t<div class=\"elementor-widget-wrap elementor-element-populated\">\n\t\t\t\t\t\t<div class=\"elementor-element elementor-element-2cec4825 elementor-widget__width-initial elementor-absolute elementor-widget elementor-widget-image\" data-id=\"2cec4825\" data-element_type=\"widget\" data-e-type=\"widget\" data-settings=\"{&quot;_position&quot;:&quot;absolute&quot;}\" data-widget_type=\"image.default\">\n\t\t\t\t<div class=\"elementor-widget-container\">\n\t\t\t\t\t\t\t\t\t\t\t\t\t\t\t<img decoding=\"async\" src=\"https:\/\/www.sacinandanaswami.com\/wp-content\/uploads\/2020\/05\/Zacken-dunkelgrau5.jpg\" title=\"Zacken dunkelgrau5\" alt=\"Zacken dunkelgrau5\" loading=\"lazy\" \/>\t\t\t\t\t\t\t\t\t\t\t\t\t\t\t<\/div>\n\t\t\t\t<\/div>\n\t\t\t\t\t<\/div>\n\t\t<\/div>\n\t\t\t\t\t<\/div>\n\t\t<\/section>\n\t\t\t\t<section class=\"elementor-section elementor-top-section elementor-element elementor-element-61dee90 elementor-section-boxed elementor-section-height-default elementor-section-height-default\" data-id=\"61dee90\" data-element_type=\"section\" data-e-type=\"section\" data-settings=\"{&quot;background_background&quot;:&quot;classic&quot;}\">\n\t\t\t\t\t\t<div class=\"elementor-container elementor-column-gap-default\">\n\t\t\t\t\t<div class=\"elementor-column elementor-col-100 elementor-top-column elementor-element elementor-element-c5c347b\" data-id=\"c5c347b\" data-element_type=\"column\" data-e-type=\"column\" data-settings=\"{&quot;background_background&quot;:&quot;classic&quot;}\">\n\t\t\t<div class=\"elementor-widget-wrap elementor-element-populated\">\n\t\t\t\t\t\t<div class=\"elementor-element elementor-element-78ff39d elementor-widget elementor-widget-image\" data-id=\"78ff39d\" data-element_type=\"widget\" data-e-type=\"widget\" data-widget_type=\"image.default\">\n\t\t\t\t<div class=\"elementor-widget-container\">\n\t\t\t\t\t\t\t\t\t\t\t\t\t\t\t<img fetchpriority=\"high\" decoding=\"async\" width=\"1000\" height=\"600\" src=\"https:\/\/www.sacinandanaswami.com\/wp-content\/uploads\/2020\/05\/MG_7623.jpg\" class=\"attachment-large size-large wp-image-9010\" alt=\"\" srcset=\"https:\/\/www.sacinandanaswami.com\/wp-content\/uploads\/2020\/05\/MG_7623.jpg 1000w, https:\/\/www.sacinandanaswami.com\/wp-content\/uploads\/2020\/05\/MG_7623-600x360.jpg 600w, https:\/\/www.sacinandanaswami.com\/wp-content\/uploads\/2020\/05\/MG_7623-300x180.jpg 300w, https:\/\/www.sacinandanaswami.com\/wp-content\/uploads\/2020\/05\/MG_7623-768x461.jpg 768w\" sizes=\"(max-width: 1000px) 100vw, 1000px\" \/>\t\t\t\t\t\t\t\t\t\t\t\t\t\t\t<\/div>\n\t\t\t\t<\/div>\n\t\t\t\t<div class=\"elementor-element elementor-element-c7e6f21 elementor-widget elementor-widget-heading\" data-id=\"c7e6f21\" data-element_type=\"widget\" data-e-type=\"widget\" data-widget_type=\"heading.default\">\n\t\t\t\t<div class=\"elementor-widget-container\">\n\t\t\t\t\t<h2 class=\"elementor-heading-title elementor-size-default\">The Cracked Water Pot<\/h2>\t\t\t\t<\/div>\n\t\t\t\t<\/div>\n\t\t\t\t<div class=\"elementor-element elementor-element-ad50cfb elementor-widget elementor-widget-text-editor\" data-id=\"ad50cfb\" data-element_type=\"widget\" data-e-type=\"widget\" data-widget_type=\"text-editor.default\">\n\t\t\t\t<div class=\"elementor-widget-container\">\n\t\t\t\t\t\t\t\t\t<p class=\"p1\"><b>Ein Wassertr\u00e4ger in Indien hatte zwei gro\u00dfe Kr\u00fcge, von denen jede an einem Ende der Stange hing, die er im Nacken trug.<\/b> Eine der Kannen hatte einen Riss, und w\u00e4hrend die andere Kanne perfekt war und am Ende des langen Weges vom Bach immer eine volle Menge Wasser lieferte, kam die rissige Kanne nur halbvoll an. Das ging zwei Jahre lang jeden Tag so, und der Tr\u00e4ger lieferte nur eineinhalb Kannen Wasser an das Haus seines Herrn.<\/p><p class=\"p1\">Nat\u00fcrlich war der perfekte Topf stolz auf seine Leistung und sah sich selbst als perfekt geeignet f\u00fcr den Zweck, f\u00fcr den er gemacht war. Aber der arme, zerbrochene Topf sch\u00e4mte sich f\u00fcr seine Unvollkommenheit und war ungl\u00fccklich dar\u00fcber, dass er nur die H\u00e4lfte von dem erreichen konnte, wof\u00fcr er geschaffen worden war. Nach zwei Jahren, die er als bitteres Versagen empfand, sprach er eines Tages am Bach zu dem Wassertr\u00e4ger. <i>\u201eIch sch\u00e4me mich und m\u00f6chte mich bei dir entschuldigen.<\/i>\u201c<\/p><p class=\"p1\">\u201e<i>Warum?<\/i>\u201c, fragte der Wassertr\u00e4ger. \u201e<i>Wof\u00fcr sch\u00e4mst du dich?<\/i>\u201c<br \/>\u201e<i>In den letzten zwei Jahren konnte ich nur die H\u00e4lfte meines Verm\u00f6gens abliefern, weil dieser Riss in meiner Seite dazu f\u00fchrt, dass das Wasser den ganzen Weg zur\u00fcck zum Haus deines Herrn ausl\u00e4uft. Wegen meiner Schw\u00e4chen musst du arbeiten, ohne den vollen Wert deiner Bem\u00fchungen zu erhalten<\/i>\u201c, sagte der Topf.<\/p><p class=\"p1\">Der Wassertr\u00e4ger hatte Mitleid mit dem alten, rissigen Topf und sagte aus Mitleid: \u201e<i>Wenn wir zum Haus des Meisters zur\u00fcckkehren, m\u00f6chte ich, dass du die sch\u00f6nen Blumen am Wegesrand bemerkst.<\/i>\u201c Als sie den H\u00fcgel hinaufgingen, bemerkte der alte rissige Topf tats\u00e4chlich, wie die Sonne die Wildblumen am Wegesrand w\u00e4rmte. Der Topf f\u00fchlte sich erheitert.<br \/>Aber am Ende des Weges f\u00fchlte sich der Topf immer noch schlecht, weil die H\u00e4lfte seiner Ladung ausgelaufen war, und wieder entschuldigte er sich f\u00fcr sein Versagen.<\/p><p class=\"p1\">Der Tr\u00e4ger sagte zu dem Topf: \u201e<i>Hast du bemerkt, dass es nur auf deiner Seite des Weges Blumen gab, aber nicht auf der Seite des anderen Topfes? Das liegt daran, dass ich um deinen Fehler wusste und ihn ausgenutzt habe. Ich habe Blumensamen auf deiner Seite des Weges ges\u00e4t, und jeden Tag, wenn wir vom Bach zur\u00fcckgehen, hast du sie f\u00fcr mich begossen. Seit zwei Jahren kann ich diese sch\u00f6nen Blumen pfl\u00fccken, um den Tisch meines Herrn zu schm\u00fccken. Wenn du nicht so w\u00e4rst, wie du bist, h\u00e4tte er nicht diese Sch\u00f6nheit, die sein Haus schm\u00fcckt.<\/i>\u201c<\/p><p class=\"p1\"><b>Moral:<\/b> Jeder von uns hat seine eigenen Fehler &#8211; wir sind alle kaputte T\u00f6pfe. Aber ein mitf\u00fchlender und erfahrener Gottgeweihter kann uns in den Dienst des Herrn stellen, und dann k\u00f6nnen wir alle trotz unserer Fehler n\u00fctzlich sein.<\/p>\t\t\t\t\t\t\t\t<\/div>\n\t\t\t\t<\/div>\n\t\t\t\t\t<\/div>\n\t\t<\/div>\n\t\t\t\t\t<\/div>\n\t\t<\/section>\n\t\t\t\t<section class=\"elementor-section elementor-top-section elementor-element elementor-element-9bc79a0 elementor-section-boxed elementor-section-height-default elementor-section-height-default\" data-id=\"9bc79a0\" data-element_type=\"section\" data-e-type=\"section\" data-settings=\"{&quot;background_background&quot;:&quot;classic&quot;}\">\n\t\t\t\t\t\t<div class=\"elementor-container elementor-column-gap-default\">\n\t\t\t\t\t<div class=\"elementor-column elementor-col-100 elementor-top-column elementor-element elementor-element-dc3bf72\" data-id=\"dc3bf72\" data-element_type=\"column\" data-e-type=\"column\" data-settings=\"{&quot;background_background&quot;:&quot;classic&quot;}\">\n\t\t\t<div class=\"elementor-widget-wrap elementor-element-populated\">\n\t\t\t\t\t\t<div class=\"elementor-element elementor-element-4061824 elementor-widget elementor-widget-spacer\" data-id=\"4061824\" data-element_type=\"widget\" data-e-type=\"widget\" data-widget_type=\"spacer.default\">\n\t\t\t\t<div class=\"elementor-widget-container\">\n\t\t\t\t\t\t\t<div class=\"elementor-spacer\">\n\t\t\t<div class=\"elementor-spacer-inner\"><\/div>\n\t\t<\/div>\n\t\t\t\t\t\t<\/div>\n\t\t\t\t<\/div>\n\t\t\t\t<div class=\"elementor-element elementor-element-dc7b174 elementor-widget elementor-widget-heading\" data-id=\"dc7b174\" data-element_type=\"widget\" data-e-type=\"widget\" data-widget_type=\"heading.default\">\n\t\t\t\t<div class=\"elementor-widget-container\">\n\t\t\t\t\t<h2 class=\"elementor-heading-title elementor-size-default\">Mehr Weisheitsgeschichten<\/h2>\t\t\t\t<\/div>\n\t\t\t\t<\/div>\n\t\t\t\t\t<\/div>\n\t\t<\/div>\n\t\t\t\t\t<\/div>\n\t\t<\/section>\n\t\t\t\t<section class=\"elementor-section elementor-top-section elementor-element elementor-element-c073da8 elementor-section-boxed elementor-section-height-default elementor-section-height-default\" data-id=\"c073da8\" data-element_type=\"section\" data-e-type=\"section\" data-settings=\"{&quot;background_background&quot;:&quot;classic&quot;}\">\n\t\t\t\t\t\t<div class=\"elementor-container elementor-column-gap-default\">\n\t\t\t\t\t<div class=\"elementor-column elementor-col-100 elementor-top-column elementor-element elementor-element-6357446\" data-id=\"6357446\" data-element_type=\"column\" data-e-type=\"column\">\n\t\t\t<div class=\"elementor-widget-wrap elementor-element-populated\">\n\t\t\t\t\t\t<div class=\"elementor-element elementor-element-6432d74 elementor-widget elementor-widget-spacer\" data-id=\"6432d74\" data-element_type=\"widget\" data-e-type=\"widget\" data-widget_type=\"spacer.default\">\n\t\t\t\t<div class=\"elementor-widget-container\">\n\t\t\t\t\t\t\t<div class=\"elementor-spacer\">\n\t\t\t<div class=\"elementor-spacer-inner\"><\/div>\n\t\t<\/div>\n\t\t\t\t\t\t<\/div>\n\t\t\t\t<\/div>\n\t\t\t\t\t<\/div>\n\t\t<\/div>\n\t\t\t\t\t<\/div>\n\t\t<\/section>\n\t\t\t\t<\/div>\n\t\t","protected":false},"excerpt":{"rendered":"<p>Weisheitsgeschichten The Cracked Water Pot Ein Wassertr\u00e4ger in Indien hatte zwei gro\u00dfe Kr\u00fcge, von denen jede an einem Ende der Stange hing, die er im Nacken trug. Eine der Kannen hatte einen Riss, und w\u00e4hrend die andere Kanne perfekt war und am Ende des langen Weges vom Bach immer eine volle Menge Wasser lieferte, kam [&hellip;]<\/p>\n","protected":false},"author":5,"featured_media":0,"parent":2255,"menu_order":0,"comment_status":"closed","ping_status":"closed","template":"","meta":{"site-sidebar-layout":"no-sidebar","site-content-layout":"page-builder","ast-site-content-layout":"default","site-content-style":"default","site-sidebar-style":"default","ast-global-header-display":"","ast-banner-title-visibility":"","ast-main-header-display":"","ast-hfb-above-header-display":"","ast-hfb-below-header-display":"","ast-hfb-mobile-header-display":"","site-post-title":"disabled","ast-breadcrumbs-content":"","ast-featured-img":"disabled","footer-sml-layout":"","ast-disable-related-posts":"","theme-transparent-header-meta":"default","adv-header-id-meta":"","stick-header-meta":"","header-above-stick-meta":"","header-main-stick-meta":"","header-below-stick-meta":"","astra-migrate-meta-layouts":"default","ast-page-background-enabled":"default","ast-page-background-meta":{"desktop":{"background-color":"","background-image":"","background-repeat":"repeat","background-position":"center center","background-size":"auto","background-attachment":"scroll","background-type":"","background-media":"","overlay-type":"","overlay-color":"","overlay-opacity":"","overlay-gradient":""},"tablet":{"background-color":"","background-image":"","background-repeat":"repeat","background-position":"center center","background-size":"auto","background-attachment":"scroll","background-type":"","background-media":"","overlay-type":"","overlay-color":"","overlay-opacity":"","overlay-gradient":""},"mobile":{"background-color":"","background-image":"","background-repeat":"repeat","background-position":"center center","background-size":"auto","background-attachment":"scroll","background-type":"","background-media":"","overlay-type":"","overlay-color":"","overlay-opacity":"","overlay-gradient":""}},"ast-content-background-meta":{"desktop":{"background-color":"var(--ast-global-color-5)","background-image":"","background-repeat":"repeat","background-position":"center center","background-size":"auto","background-attachment":"scroll","background-type":"","background-media":"","overlay-type":"","overlay-color":"","overlay-opacity":"","overlay-gradient":""},"tablet":{"background-color":"var(--ast-global-color-5)","background-image":"","background-repeat":"repeat","background-position":"center center","background-size":"auto","background-attachment":"scroll","background-type":"","background-media":"","overlay-type":"","overlay-color":"","overlay-opacity":"","overlay-gradient":""},"mobile":{"background-color":"var(--ast-global-color-5)","background-image":"","background-repeat":"repeat","background-position":"center center","background-size":"auto","background-attachment":"scroll","background-type":"","background-media":"","overlay-type":"","overlay-color":"","overlay-opacity":"","overlay-gradient":""}},"footnotes":""},"class_list":["post-8962","page","type-page","status-publish","hentry"],"yoast_head":"<!-- This site is optimized with the Yoast SEO plugin v27.1.1 - https:\/\/yoast.com\/product\/yoast-seo-wordpress\/ -->\n<title>The Cracked Water Pot - Sacinandana Swami<\/title>\n<meta name=\"robots\" content=\"index, follow, max-snippet:-1, max-image-preview:large, max-video-preview:-1\" \/>\n<link rel=\"canonical\" href=\"https:\/\/www.sacinandanaswami.com\/de\/spiritual-inspirations\/wisdom-stories\/the-cracked-water-pot\/\" \/>\n<meta property=\"og:locale\" content=\"de_DE\" \/>\n<meta property=\"og:type\" content=\"article\" \/>\n<meta property=\"og:title\" content=\"The Cracked Water Pot - Sacinandana Swami\" \/>\n<meta property=\"og:description\" content=\"Weisheitsgeschichten The Cracked Water Pot Ein Wassertr\u00e4ger in Indien hatte zwei gro\u00dfe Kr\u00fcge, von denen jede an einem Ende der Stange hing, die er im Nacken trug. Eine der Kannen hatte einen Riss, und w\u00e4hrend die andere Kanne perfekt war und am Ende des langen Weges vom Bach immer eine volle Menge Wasser lieferte, kam [&hellip;]\" \/>\n<meta property=\"og:url\" content=\"https:\/\/www.sacinandanaswami.com\/de\/spiritual-inspirations\/wisdom-stories\/the-cracked-water-pot\/\" \/>\n<meta property=\"og:site_name\" content=\"Sacinandana Swami\" \/>\n<meta property=\"article:modified_time\" content=\"2024-10-06T11:54:07+00:00\" \/>\n<meta property=\"og:image\" content=\"https:\/\/www.sacinandanaswami.com\/wp-content\/uploads\/2020\/05\/Zacken-dunkelgrau5.jpg\" \/>\n<meta name=\"twitter:card\" content=\"summary_large_image\" \/>\n<meta name=\"twitter:label1\" content=\"Gesch\u00e4tzte Lesezeit\" \/>\n\t<meta name=\"twitter:data1\" content=\"3\u00a0Minuten\" \/>\n<script type=\"application\/ld+json\" class=\"yoast-schema-graph\">{\"@context\":\"https:\/\/schema.org\",\"@graph\":[{\"@type\":\"WebPage\",\"@id\":\"https:\/\/www.sacinandanaswami.com\/de\/spiritual-inspirations\/wisdom-stories\/the-cracked-water-pot\/\",\"url\":\"https:\/\/www.sacinandanaswami.com\/de\/spiritual-inspirations\/wisdom-stories\/the-cracked-water-pot\/\",\"name\":\"The Cracked Water Pot - Sacinandana Swami\",\"isPartOf\":{\"@id\":\"https:\/\/www.sacinandanaswami.com\/de\/#website\"},\"primaryImageOfPage\":{\"@id\":\"https:\/\/www.sacinandanaswami.com\/de\/spiritual-inspirations\/wisdom-stories\/the-cracked-water-pot\/#primaryimage\"},\"image\":{\"@id\":\"https:\/\/www.sacinandanaswami.com\/de\/spiritual-inspirations\/wisdom-stories\/the-cracked-water-pot\/#primaryimage\"},\"thumbnailUrl\":\"https:\/\/www.sacinandanaswami.com\/wp-content\/uploads\/2020\/05\/Zacken-dunkelgrau5.jpg\",\"datePublished\":\"2020-05-23T18:45:15+00:00\",\"dateModified\":\"2024-10-06T11:54:07+00:00\",\"breadcrumb\":{\"@id\":\"https:\/\/www.sacinandanaswami.com\/de\/spiritual-inspirations\/wisdom-stories\/the-cracked-water-pot\/#breadcrumb\"},\"inLanguage\":\"de\",\"potentialAction\":[{\"@type\":\"ReadAction\",\"target\":[\"https:\/\/www.sacinandanaswami.com\/de\/spiritual-inspirations\/wisdom-stories\/the-cracked-water-pot\/\"]}]},{\"@type\":\"ImageObject\",\"inLanguage\":\"de\",\"@id\":\"https:\/\/www.sacinandanaswami.com\/de\/spiritual-inspirations\/wisdom-stories\/the-cracked-water-pot\/#primaryimage\",\"url\":\"https:\/\/www.sacinandanaswami.com\/wp-content\/uploads\/2020\/05\/Zacken-dunkelgrau5.jpg\",\"contentUrl\":\"https:\/\/www.sacinandanaswami.com\/wp-content\/uploads\/2020\/05\/Zacken-dunkelgrau5.jpg\"},{\"@type\":\"BreadcrumbList\",\"@id\":\"https:\/\/www.sacinandanaswami.com\/de\/spiritual-inspirations\/wisdom-stories\/the-cracked-water-pot\/#breadcrumb\",\"itemListElement\":[{\"@type\":\"ListItem\",\"position\":1,\"name\":\"Startseite\",\"item\":\"https:\/\/www.sacinandanaswami.com\/de\/\"},{\"@type\":\"ListItem\",\"position\":2,\"name\":\"Spiritual Inspirations\",\"item\":\"https:\/\/www.sacinandanaswami.com\/de\/spiritual-inspirations\/\"},{\"@type\":\"ListItem\",\"position\":3,\"name\":\"Wisdom Stories\",\"item\":\"https:\/\/www.sacinandanaswami.com\/de\/spiritual-inspirations\/wisdom-stories\/\"},{\"@type\":\"ListItem\",\"position\":4,\"name\":\"The Cracked Water Pot\"}]},{\"@type\":\"WebSite\",\"@id\":\"https:\/\/www.sacinandanaswami.com\/de\/#website\",\"url\":\"https:\/\/www.sacinandanaswami.com\/de\/\",\"name\":\"Sacinandana Swami\",\"description\":\"\",\"publisher\":{\"@id\":\"https:\/\/www.sacinandanaswami.com\/de\/#organization\"},\"potentialAction\":[{\"@type\":\"SearchAction\",\"target\":{\"@type\":\"EntryPoint\",\"urlTemplate\":\"https:\/\/www.sacinandanaswami.com\/de\/?s={search_term_string}\"},\"query-input\":{\"@type\":\"PropertyValueSpecification\",\"valueRequired\":true,\"valueName\":\"search_term_string\"}}],\"inLanguage\":\"de\"},{\"@type\":\"Organization\",\"@id\":\"https:\/\/www.sacinandanaswami.com\/de\/#organization\",\"name\":\"Sacinandana Swami\",\"url\":\"https:\/\/www.sacinandanaswami.com\/de\/\",\"logo\":{\"@type\":\"ImageObject\",\"inLanguage\":\"de\",\"@id\":\"https:\/\/www.sacinandanaswami.com\/de\/#\/schema\/logo\/image\/\",\"url\":\"https:\/\/www.sacinandanaswami.com\/wp-content\/uploads\/2022\/06\/SNS_Logo.svg\",\"contentUrl\":\"https:\/\/www.sacinandanaswami.com\/wp-content\/uploads\/2022\/06\/SNS_Logo.svg\",\"width\":585,\"height\":200,\"caption\":\"Sacinandana Swami\"},\"image\":{\"@id\":\"https:\/\/www.sacinandanaswami.com\/de\/#\/schema\/logo\/image\/\"}}]}<\/script>\n<!-- \/ Yoast SEO plugin. -->","yoast_head_json":{"title":"The Cracked Water Pot - Sacinandana Swami","robots":{"index":"index","follow":"follow","max-snippet":"max-snippet:-1","max-image-preview":"max-image-preview:large","max-video-preview":"max-video-preview:-1"},"canonical":"https:\/\/www.sacinandanaswami.com\/de\/spiritual-inspirations\/wisdom-stories\/the-cracked-water-pot\/","og_locale":"de_DE","og_type":"article","og_title":"The Cracked Water Pot - Sacinandana Swami","og_description":"Weisheitsgeschichten The Cracked Water Pot Ein Wassertr\u00e4ger in Indien hatte zwei gro\u00dfe Kr\u00fcge, von denen jede an einem Ende der Stange hing, die er im Nacken trug. Eine der Kannen hatte einen Riss, und w\u00e4hrend die andere Kanne perfekt war und am Ende des langen Weges vom Bach immer eine volle Menge Wasser lieferte, kam [&hellip;]","og_url":"https:\/\/www.sacinandanaswami.com\/de\/spiritual-inspirations\/wisdom-stories\/the-cracked-water-pot\/","og_site_name":"Sacinandana Swami","article_modified_time":"2024-10-06T11:54:07+00:00","og_image":[{"url":"https:\/\/www.sacinandanaswami.com\/wp-content\/uploads\/2020\/05\/Zacken-dunkelgrau5.jpg","type":"","width":"","height":""}],"twitter_card":"summary_large_image","twitter_misc":{"Gesch\u00e4tzte Lesezeit":"3\u00a0Minuten"},"schema":{"@context":"https:\/\/schema.org","@graph":[{"@type":"WebPage","@id":"https:\/\/www.sacinandanaswami.com\/de\/spiritual-inspirations\/wisdom-stories\/the-cracked-water-pot\/","url":"https:\/\/www.sacinandanaswami.com\/de\/spiritual-inspirations\/wisdom-stories\/the-cracked-water-pot\/","name":"The Cracked Water Pot - Sacinandana Swami","isPartOf":{"@id":"https:\/\/www.sacinandanaswami.com\/de\/#website"},"primaryImageOfPage":{"@id":"https:\/\/www.sacinandanaswami.com\/de\/spiritual-inspirations\/wisdom-stories\/the-cracked-water-pot\/#primaryimage"},"image":{"@id":"https:\/\/www.sacinandanaswami.com\/de\/spiritual-inspirations\/wisdom-stories\/the-cracked-water-pot\/#primaryimage"},"thumbnailUrl":"https:\/\/www.sacinandanaswami.com\/wp-content\/uploads\/2020\/05\/Zacken-dunkelgrau5.jpg","datePublished":"2020-05-23T18:45:15+00:00","dateModified":"2024-10-06T11:54:07+00:00","breadcrumb":{"@id":"https:\/\/www.sacinandanaswami.com\/de\/spiritual-inspirations\/wisdom-stories\/the-cracked-water-pot\/#breadcrumb"},"inLanguage":"de","potentialAction":[{"@type":"ReadAction","target":["https:\/\/www.sacinandanaswami.com\/de\/spiritual-inspirations\/wisdom-stories\/the-cracked-water-pot\/"]}]},{"@type":"ImageObject","inLanguage":"de","@id":"https:\/\/www.sacinandanaswami.com\/de\/spiritual-inspirations\/wisdom-stories\/the-cracked-water-pot\/#primaryimage","url":"https:\/\/www.sacinandanaswami.com\/wp-content\/uploads\/2020\/05\/Zacken-dunkelgrau5.jpg","contentUrl":"https:\/\/www.sacinandanaswami.com\/wp-content\/uploads\/2020\/05\/Zacken-dunkelgrau5.jpg"},{"@type":"BreadcrumbList","@id":"https:\/\/www.sacinandanaswami.com\/de\/spiritual-inspirations\/wisdom-stories\/the-cracked-water-pot\/#breadcrumb","itemListElement":[{"@type":"ListItem","position":1,"name":"Startseite","item":"https:\/\/www.sacinandanaswami.com\/de\/"},{"@type":"ListItem","position":2,"name":"Spiritual Inspirations","item":"https:\/\/www.sacinandanaswami.com\/de\/spiritual-inspirations\/"},{"@type":"ListItem","position":3,"name":"Wisdom Stories","item":"https:\/\/www.sacinandanaswami.com\/de\/spiritual-inspirations\/wisdom-stories\/"},{"@type":"ListItem","position":4,"name":"The Cracked Water Pot"}]},{"@type":"WebSite","@id":"https:\/\/www.sacinandanaswami.com\/de\/#website","url":"https:\/\/www.sacinandanaswami.com\/de\/","name":"Sacinandana Swami","description":"","publisher":{"@id":"https:\/\/www.sacinandanaswami.com\/de\/#organization"},"potentialAction":[{"@type":"SearchAction","target":{"@type":"EntryPoint","urlTemplate":"https:\/\/www.sacinandanaswami.com\/de\/?s={search_term_string}"},"query-input":{"@type":"PropertyValueSpecification","valueRequired":true,"valueName":"search_term_string"}}],"inLanguage":"de"},{"@type":"Organization","@id":"https:\/\/www.sacinandanaswami.com\/de\/#organization","name":"Sacinandana Swami","url":"https:\/\/www.sacinandanaswami.com\/de\/","logo":{"@type":"ImageObject","inLanguage":"de","@id":"https:\/\/www.sacinandanaswami.com\/de\/#\/schema\/logo\/image\/","url":"https:\/\/www.sacinandanaswami.com\/wp-content\/uploads\/2022\/06\/SNS_Logo.svg","contentUrl":"https:\/\/www.sacinandanaswami.com\/wp-content\/uploads\/2022\/06\/SNS_Logo.svg","width":585,"height":200,"caption":"Sacinandana Swami"},"image":{"@id":"https:\/\/www.sacinandanaswami.com\/de\/#\/schema\/logo\/image\/"}}]}},"_links":{"self":[{"href":"https:\/\/www.sacinandanaswami.com\/de\/wp-json\/wp\/v2\/pages\/8962","targetHints":{"allow":["GET"]}}],"collection":[{"href":"https:\/\/www.sacinandanaswami.com\/de\/wp-json\/wp\/v2\/pages"}],"about":[{"href":"https:\/\/www.sacinandanaswami.com\/de\/wp-json\/wp\/v2\/types\/page"}],"author":[{"embeddable":true,"href":"https:\/\/www.sacinandanaswami.com\/de\/wp-json\/wp\/v2\/users\/5"}],"replies":[{"embeddable":true,"href":"https:\/\/www.sacinandanaswami.com\/de\/wp-json\/wp\/v2\/comments?post=8962"}],"version-history":[{"count":3,"href":"https:\/\/www.sacinandanaswami.com\/de\/wp-json\/wp\/v2\/pages\/8962\/revisions"}],"predecessor-version":[{"id":14071,"href":"https:\/\/www.sacinandanaswami.com\/de\/wp-json\/wp\/v2\/pages\/8962\/revisions\/14071"}],"up":[{"embeddable":true,"href":"https:\/\/www.sacinandanaswami.com\/de\/wp-json\/wp\/v2\/pages\/2255"}],"wp:attachment":[{"href":"https:\/\/www.sacinandanaswami.com\/de\/wp-json\/wp\/v2\/media?parent=8962"}],"curies":[{"name":"wp","href":"https:\/\/api.w.org\/{rel}","templated":true}]}}