{"id":9421,"date":"2021-04-11T00:13:11","date_gmt":"2021-04-10T22:13:11","guid":{"rendered":"https:\/\/sacinandanaswami.com\/?post_type=product&#038;p=9421"},"modified":"2023-10-24T07:25:29","modified_gmt":"2023-10-24T05:25:29","slug":"sacred-space-der-raum-im-inneren-de-version","status":"publish","type":"product","link":"https:\/\/www.sacinandanaswami.com\/de\/product\/sacred-space-der-raum-im-inneren-de-version\/","title":{"rendered":"Sacred Space &#8211; Der Raum im Inneren"},"content":{"rendered":"","protected":false},"excerpt":{"rendered":"<div id=\"tab-description\" class=\"tab-content\">\n<p>German version<\/p>\n<p><strong>Sacred Space &#8211; Der Raum im Inneren<\/strong><\/p>\n<p>Meditation ist einer der Wege, die in den inneren Raum f\u00fchren. Dadurch k\u00f6nnen wir uns aus der \u00e4u\u00dferen Welt zur\u00fcckziehen und eine innere Welt betreten, wo wir auf eine unersch\u00f6pfliche Quelle der Inspiration und Kraft treffen.<\/p>\n<p>Sacinandana Swami bietet in seinen Seminaren und Retreats regelm\u00e4\u00dfig Meditationen an. Die meisten sind gef\u00fchrte Meditationen, die jedoch so angelegt sind, dass die TeilnehmerInnen mit der eigenen inneren F\u00fchrung in Kontakt treten. Seine Sacred Space Meditations-CD ist auf Wunsch der RetreatteilnehmerInnen entstanden, damit jetzt auch viele Menschen au\u00dferhalb der Retreats die gleichen tiefen Erfahrungen erleben k\u00f6nnen.<\/p>\n<\/div>\n<div><\/div>\n","protected":false},"featured_media":9422,"comment_status":"closed","ping_status":"closed","template":"","meta":{"site-sidebar-layout":"default","site-content-layout":"default","ast-site-content-layout":"default","site-content-style":"default","site-sidebar-style":"default","ast-global-header-display":"","ast-banner-title-visibility":"","ast-main-header-display":"","ast-hfb-above-header-display":"","ast-hfb-below-header-display":"","ast-hfb-mobile-header-display":"","site-post-title":"","ast-breadcrumbs-content":"","ast-featured-img":"","footer-sml-layout":"","ast-disable-related-posts":"","theme-transparent-header-meta":"default","adv-header-id-meta":"","stick-header-meta":"default","header-above-stick-meta":"","header-main-stick-meta":"","header-below-stick-meta":"","astra-migrate-meta-layouts":"set","ast-page-background-enabled":"default","ast-page-background-meta":{"desktop":{"background-color":"","background-image":"","background-repeat":"repeat","background-position":"center center","background-size":"auto","background-attachment":"scroll","background-type":"","background-media":"","overlay-type":"","overlay-color":"","overlay-opacity":"","overlay-gradient":""},"tablet":{"background-color":"","background-image":"","background-repeat":"repeat","background-position":"center center","background-size":"auto","background-attachment":"scroll","background-type":"","background-media":"","overlay-type":"","overlay-color":"","overlay-opacity":"","overlay-gradient":""},"mobile":{"background-color":"","background-image":"","background-repeat":"repeat","background-position":"center center","background-size":"auto","background-attachment":"scroll","background-type":"","background-media":"","overlay-type":"","overlay-color":"","overlay-opacity":"","overlay-gradient":""}},"ast-content-background-meta":{"desktop":{"background-color":"var(--ast-global-color-5)","background-image":"","background-repeat":"repeat","background-position":"center center","background-size":"auto","background-attachment":"scroll","background-type":"","background-media":"","overlay-type":"","overlay-color":"","overlay-opacity":"","overlay-gradient":""},"tablet":{"background-color":"var(--ast-global-color-5)","background-image":"","background-repeat":"repeat","background-position":"center center","background-size":"auto","background-attachment":"scroll","background-type":"","background-media":"","overlay-type":"","overlay-color":"","overlay-opacity":"","overlay-gradient":""},"mobile":{"background-color":"var(--ast-global-color-5)","background-image":"","background-repeat":"repeat","background-position":"center center","background-size":"auto","background-attachment":"scroll","background-type":"","background-media":"","overlay-type":"","overlay-color":"","overlay-opacity":"","overlay-gradient":""}}},"product_brand":[],"product_cat":[40],"product_tag":[],"class_list":{"0":"post-9421","1":"product","2":"type-product","3":"status-publish","4":"has-post-thumbnail","6":"product_cat-cds","7":"desktop-align-left","8":"tablet-align-left","9":"mobile-align-left","10":"ast-product-gallery-layout-horizontal-slider","11":"ast-product-gallery-with-no-image","12":"ast-product-tabs-layout-horizontal","14":"first","15":"instock","16":"shipping-taxable","17":"product-type-external"},"yoast_head":"<!-- This site is optimized with the Yoast SEO plugin v27.1.1 - https:\/\/yoast.com\/product\/yoast-seo-wordpress\/ -->\n<title>Sacred Space - Der Raum im Inneren - Sacinandana Swami<\/title>\n<meta name=\"robots\" content=\"index, follow, max-snippet:-1, max-image-preview:large, max-video-preview:-1\" \/>\n<link rel=\"canonical\" href=\"https:\/\/www.sacinandanaswami.com\/de\/product\/sacred-space-der-raum-im-inneren-de-version\/\" \/>\n<meta property=\"og:locale\" content=\"de_DE\" \/>\n<meta property=\"og:type\" content=\"article\" \/>\n<meta property=\"og:title\" content=\"Sacred Space - Der Raum im Inneren - Sacinandana Swami\" \/>\n<meta property=\"og:description\" content=\"German version  Sacred Space - Der Raum im Inneren  Meditation ist einer der Wege, die in den inneren Raum f\u00fchren. Dadurch k\u00f6nnen wir uns aus der \u00e4u\u00dferen Welt zur\u00fcckziehen und eine innere Welt betreten, wo wir auf eine unersch\u00f6pfliche Quelle der Inspiration und Kraft treffen.  Sacinandana Swami bietet in seinen Seminaren und Retreats regelm\u00e4\u00dfig Meditationen an. Die meisten sind gef\u00fchrte Meditationen, die jedoch so angelegt sind, dass die TeilnehmerInnen mit der eigenen inneren F\u00fchrung in Kontakt treten. Seine Sacred Space Meditations-CD ist auf Wunsch der RetreatteilnehmerInnen entstanden, damit jetzt auch viele Menschen au\u00dferhalb der Retreats die gleichen tiefen Erfahrungen erleben k\u00f6nnen.\" \/>\n<meta property=\"og:url\" content=\"https:\/\/www.sacinandanaswami.com\/de\/product\/sacred-space-der-raum-im-inneren-de-version\/\" \/>\n<meta property=\"og:site_name\" content=\"Sacinandana Swami\" \/>\n<meta property=\"article:modified_time\" content=\"2023-10-24T05:25:29+00:00\" \/>\n<meta property=\"og:image\" content=\"https:\/\/www.sacinandanaswami.com\/wp-content\/uploads\/2021\/04\/sacred_space_engl.-500x500-1.jpg\" \/>\n\t<meta property=\"og:image:width\" content=\"500\" \/>\n\t<meta property=\"og:image:height\" content=\"461\" \/>\n\t<meta property=\"og:image:type\" content=\"image\/jpeg\" \/>\n<meta name=\"twitter:card\" content=\"summary_large_image\" \/>\n<script type=\"application\/ld+json\" class=\"yoast-schema-graph\">{\"@context\":\"https:\/\/schema.org\",\"@graph\":[{\"@type\":\"WebPage\",\"@id\":\"https:\/\/www.sacinandanaswami.com\/de\/product\/sacred-space-der-raum-im-inneren-de-version\/\",\"url\":\"https:\/\/www.sacinandanaswami.com\/de\/product\/sacred-space-der-raum-im-inneren-de-version\/\",\"name\":\"Sacred Space - Der Raum im Inneren - Sacinandana Swami\",\"isPartOf\":{\"@id\":\"https:\/\/www.sacinandanaswami.com\/de\/#website\"},\"primaryImageOfPage\":{\"@id\":\"https:\/\/www.sacinandanaswami.com\/de\/product\/sacred-space-der-raum-im-inneren-de-version\/#primaryimage\"},\"image\":{\"@id\":\"https:\/\/www.sacinandanaswami.com\/de\/product\/sacred-space-der-raum-im-inneren-de-version\/#primaryimage\"},\"thumbnailUrl\":\"https:\/\/www.sacinandanaswami.com\/wp-content\/uploads\/2021\/04\/sacred_space_engl.-500x500-1.jpg\",\"datePublished\":\"2021-04-10T22:13:11+00:00\",\"dateModified\":\"2023-10-24T05:25:29+00:00\",\"breadcrumb\":{\"@id\":\"https:\/\/www.sacinandanaswami.com\/de\/product\/sacred-space-der-raum-im-inneren-de-version\/#breadcrumb\"},\"inLanguage\":\"de\",\"potentialAction\":[{\"@type\":\"ReadAction\",\"target\":[\"https:\/\/www.sacinandanaswami.com\/de\/product\/sacred-space-der-raum-im-inneren-de-version\/\"]}]},{\"@type\":\"ImageObject\",\"inLanguage\":\"de\",\"@id\":\"https:\/\/www.sacinandanaswami.com\/de\/product\/sacred-space-der-raum-im-inneren-de-version\/#primaryimage\",\"url\":\"https:\/\/www.sacinandanaswami.com\/wp-content\/uploads\/2021\/04\/sacred_space_engl.-500x500-1.jpg\",\"contentUrl\":\"https:\/\/www.sacinandanaswami.com\/wp-content\/uploads\/2021\/04\/sacred_space_engl.-500x500-1.jpg\",\"width\":500,\"height\":461},{\"@type\":\"BreadcrumbList\",\"@id\":\"https:\/\/www.sacinandanaswami.com\/de\/product\/sacred-space-der-raum-im-inneren-de-version\/#breadcrumb\",\"itemListElement\":[{\"@type\":\"ListItem\",\"position\":1,\"name\":\"Startseite\",\"item\":\"https:\/\/www.sacinandanaswami.com\/de\/\"},{\"@type\":\"ListItem\",\"position\":2,\"name\":\"Shop\",\"item\":\"https:\/\/www.sacinandanaswami.com\/shop\/\"},{\"@type\":\"ListItem\",\"position\":3,\"name\":\"Sacred Space &#8211; Der Raum im Inneren\"}]},{\"@type\":\"WebSite\",\"@id\":\"https:\/\/www.sacinandanaswami.com\/de\/#website\",\"url\":\"https:\/\/www.sacinandanaswami.com\/de\/\",\"name\":\"Sacinandana Swami\",\"description\":\"\",\"publisher\":{\"@id\":\"https:\/\/www.sacinandanaswami.com\/de\/#organization\"},\"potentialAction\":[{\"@type\":\"SearchAction\",\"target\":{\"@type\":\"EntryPoint\",\"urlTemplate\":\"https:\/\/www.sacinandanaswami.com\/de\/?s={search_term_string}\"},\"query-input\":{\"@type\":\"PropertyValueSpecification\",\"valueRequired\":true,\"valueName\":\"search_term_string\"}}],\"inLanguage\":\"de\"},{\"@type\":\"Organization\",\"@id\":\"https:\/\/www.sacinandanaswami.com\/de\/#organization\",\"name\":\"Sacinandana Swami\",\"url\":\"https:\/\/www.sacinandanaswami.com\/de\/\",\"logo\":{\"@type\":\"ImageObject\",\"inLanguage\":\"de\",\"@id\":\"https:\/\/www.sacinandanaswami.com\/de\/#\/schema\/logo\/image\/\",\"url\":\"https:\/\/www.sacinandanaswami.com\/wp-content\/uploads\/2022\/06\/SNS_Logo.svg\",\"contentUrl\":\"https:\/\/www.sacinandanaswami.com\/wp-content\/uploads\/2022\/06\/SNS_Logo.svg\",\"width\":585,\"height\":200,\"caption\":\"Sacinandana Swami\"},\"image\":{\"@id\":\"https:\/\/www.sacinandanaswami.com\/de\/#\/schema\/logo\/image\/\"}}]}<\/script>\n<!-- \/ Yoast SEO plugin. -->","yoast_head_json":{"title":"Sacred Space - Der Raum im Inneren - Sacinandana Swami","robots":{"index":"index","follow":"follow","max-snippet":"max-snippet:-1","max-image-preview":"max-image-preview:large","max-video-preview":"max-video-preview:-1"},"canonical":"https:\/\/www.sacinandanaswami.com\/de\/product\/sacred-space-der-raum-im-inneren-de-version\/","og_locale":"de_DE","og_type":"article","og_title":"Sacred Space - Der Raum im Inneren - Sacinandana Swami","og_description":"German version  Sacred Space - Der Raum im Inneren  Meditation ist einer der Wege, die in den inneren Raum f\u00fchren. Dadurch k\u00f6nnen wir uns aus der \u00e4u\u00dferen Welt zur\u00fcckziehen und eine innere Welt betreten, wo wir auf eine unersch\u00f6pfliche Quelle der Inspiration und Kraft treffen.  Sacinandana Swami bietet in seinen Seminaren und Retreats regelm\u00e4\u00dfig Meditationen an. Die meisten sind gef\u00fchrte Meditationen, die jedoch so angelegt sind, dass die TeilnehmerInnen mit der eigenen inneren F\u00fchrung in Kontakt treten. Seine Sacred Space Meditations-CD ist auf Wunsch der RetreatteilnehmerInnen entstanden, damit jetzt auch viele Menschen au\u00dferhalb der Retreats die gleichen tiefen Erfahrungen erleben k\u00f6nnen.","og_url":"https:\/\/www.sacinandanaswami.com\/de\/product\/sacred-space-der-raum-im-inneren-de-version\/","og_site_name":"Sacinandana Swami","article_modified_time":"2023-10-24T05:25:29+00:00","og_image":[{"width":500,"height":461,"url":"https:\/\/www.sacinandanaswami.com\/wp-content\/uploads\/2021\/04\/sacred_space_engl.-500x500-1.jpg","type":"image\/jpeg"}],"twitter_card":"summary_large_image","schema":{"@context":"https:\/\/schema.org","@graph":[{"@type":"WebPage","@id":"https:\/\/www.sacinandanaswami.com\/de\/product\/sacred-space-der-raum-im-inneren-de-version\/","url":"https:\/\/www.sacinandanaswami.com\/de\/product\/sacred-space-der-raum-im-inneren-de-version\/","name":"Sacred Space - Der Raum im Inneren - Sacinandana Swami","isPartOf":{"@id":"https:\/\/www.sacinandanaswami.com\/de\/#website"},"primaryImageOfPage":{"@id":"https:\/\/www.sacinandanaswami.com\/de\/product\/sacred-space-der-raum-im-inneren-de-version\/#primaryimage"},"image":{"@id":"https:\/\/www.sacinandanaswami.com\/de\/product\/sacred-space-der-raum-im-inneren-de-version\/#primaryimage"},"thumbnailUrl":"https:\/\/www.sacinandanaswami.com\/wp-content\/uploads\/2021\/04\/sacred_space_engl.-500x500-1.jpg","datePublished":"2021-04-10T22:13:11+00:00","dateModified":"2023-10-24T05:25:29+00:00","breadcrumb":{"@id":"https:\/\/www.sacinandanaswami.com\/de\/product\/sacred-space-der-raum-im-inneren-de-version\/#breadcrumb"},"inLanguage":"de","potentialAction":[{"@type":"ReadAction","target":["https:\/\/www.sacinandanaswami.com\/de\/product\/sacred-space-der-raum-im-inneren-de-version\/"]}]},{"@type":"ImageObject","inLanguage":"de","@id":"https:\/\/www.sacinandanaswami.com\/de\/product\/sacred-space-der-raum-im-inneren-de-version\/#primaryimage","url":"https:\/\/www.sacinandanaswami.com\/wp-content\/uploads\/2021\/04\/sacred_space_engl.-500x500-1.jpg","contentUrl":"https:\/\/www.sacinandanaswami.com\/wp-content\/uploads\/2021\/04\/sacred_space_engl.-500x500-1.jpg","width":500,"height":461},{"@type":"BreadcrumbList","@id":"https:\/\/www.sacinandanaswami.com\/de\/product\/sacred-space-der-raum-im-inneren-de-version\/#breadcrumb","itemListElement":[{"@type":"ListItem","position":1,"name":"Startseite","item":"https:\/\/www.sacinandanaswami.com\/de\/"},{"@type":"ListItem","position":2,"name":"Shop","item":"https:\/\/www.sacinandanaswami.com\/shop\/"},{"@type":"ListItem","position":3,"name":"Sacred Space &#8211; Der Raum im Inneren"}]},{"@type":"WebSite","@id":"https:\/\/www.sacinandanaswami.com\/de\/#website","url":"https:\/\/www.sacinandanaswami.com\/de\/","name":"Sacinandana Swami","description":"","publisher":{"@id":"https:\/\/www.sacinandanaswami.com\/de\/#organization"},"potentialAction":[{"@type":"SearchAction","target":{"@type":"EntryPoint","urlTemplate":"https:\/\/www.sacinandanaswami.com\/de\/?s={search_term_string}"},"query-input":{"@type":"PropertyValueSpecification","valueRequired":true,"valueName":"search_term_string"}}],"inLanguage":"de"},{"@type":"Organization","@id":"https:\/\/www.sacinandanaswami.com\/de\/#organization","name":"Sacinandana Swami","url":"https:\/\/www.sacinandanaswami.com\/de\/","logo":{"@type":"ImageObject","inLanguage":"de","@id":"https:\/\/www.sacinandanaswami.com\/de\/#\/schema\/logo\/image\/","url":"https:\/\/www.sacinandanaswami.com\/wp-content\/uploads\/2022\/06\/SNS_Logo.svg","contentUrl":"https:\/\/www.sacinandanaswami.com\/wp-content\/uploads\/2022\/06\/SNS_Logo.svg","width":585,"height":200,"caption":"Sacinandana Swami"},"image":{"@id":"https:\/\/www.sacinandanaswami.com\/de\/#\/schema\/logo\/image\/"}}]}},"_links":{"self":[{"href":"https:\/\/www.sacinandanaswami.com\/de\/wp-json\/wp\/v2\/product\/9421","targetHints":{"allow":["GET"]}}],"collection":[{"href":"https:\/\/www.sacinandanaswami.com\/de\/wp-json\/wp\/v2\/product"}],"about":[{"href":"https:\/\/www.sacinandanaswami.com\/de\/wp-json\/wp\/v2\/types\/product"}],"replies":[{"embeddable":true,"href":"https:\/\/www.sacinandanaswami.com\/de\/wp-json\/wp\/v2\/comments?post=9421"}],"version-history":[{"count":1,"href":"https:\/\/www.sacinandanaswami.com\/de\/wp-json\/wp\/v2\/product\/9421\/revisions"}],"predecessor-version":[{"id":12703,"href":"https:\/\/www.sacinandanaswami.com\/de\/wp-json\/wp\/v2\/product\/9421\/revisions\/12703"}],"wp:featuredmedia":[{"embeddable":true,"href":"https:\/\/www.sacinandanaswami.com\/de\/wp-json\/wp\/v2\/media\/9422"}],"wp:attachment":[{"href":"https:\/\/www.sacinandanaswami.com\/de\/wp-json\/wp\/v2\/media?parent=9421"}],"wp:term":[{"taxonomy":"product_brand","embeddable":true,"href":"https:\/\/www.sacinandanaswami.com\/de\/wp-json\/wp\/v2\/product_brand?post=9421"},{"taxonomy":"product_cat","embeddable":true,"href":"https:\/\/www.sacinandanaswami.com\/de\/wp-json\/wp\/v2\/product_cat?post=9421"},{"taxonomy":"product_tag","embeddable":true,"href":"https:\/\/www.sacinandanaswami.com\/de\/wp-json\/wp\/v2\/product_tag?post=9421"}],"curies":[{"name":"wp","href":"https:\/\/api.w.org\/{rel}","templated":true}]}}